{"id":975,"date":"2021-06-09T05:10:44","date_gmt":"2021-06-09T12:10:44","guid":{"rendered":"https:\/\/newmexicotruetalent.org\/spanish\/?page_id=975"},"modified":"2021-12-21T21:45:37","modified_gmt":"2021-12-22T05:45:37","slug":"cuidado-de-la-salud","status":"publish","type":"page","link":"https:\/\/bridge2careers.org\/spanish\/guias-de-las-carreras\/cuidado-de-la-salud\/","title":{"rendered":"Cuidado de la Salud"},"content":{"rendered":"\n<style type=\"text\/css\" data-created_by=\"avia_inline_auto\" id=\"style-css-av-3cwspd-384ec85654117ca0300a2c5d3fe53a1e\">\n#top .flex_column.av-3cwspd-384ec85654117ca0300a2c5d3fe53a1e{\nmargin-top:0px;\nmargin-bottom:0px;\n}\n.flex_column.av-3cwspd-384ec85654117ca0300a2c5d3fe53a1e{\n-webkit-border-radius:0px 0px 0px 0px;\n-moz-border-radius:0px 0px 0px 0px;\nborder-radius:0px 0px 0px 0px;\npadding:0px 0px 0px 0px;\n}\n.responsive #top #wrap_all .flex_column.av-3cwspd-384ec85654117ca0300a2c5d3fe53a1e{\nmargin-top:0px;\nmargin-bottom:0px;\n}\n<\/style>\n<div  class='flex_column av-3cwspd-384ec85654117ca0300a2c5d3fe53a1e av_one_full  avia-builder-el-0  el_before_av_one_full  avia-builder-el-first  first flex_column_div av-animated-generic bottom-to-top av-zero-column-padding  '     ><p>\n<style type=\"text\/css\" data-created_by=\"avia_inline_auto\" id=\"style-css-av-jpyc2jij-0ad41980d19f8ec7ee4cb8ae1634c523\">\n.avia-image-container.av-jpyc2jij-0ad41980d19f8ec7ee4cb8ae1634c523 img.avia_image{\nbox-shadow:none;\n}\n.avia-image-container.av-jpyc2jij-0ad41980d19f8ec7ee4cb8ae1634c523 .av-image-caption-overlay-center{\ncolor:#ffffff;\n}\n<\/style>\n<div  class='avia-image-container av-jpyc2jij-0ad41980d19f8ec7ee4cb8ae1634c523 av-styling- avia-align-center  avia-builder-el-1  el_before_av_heading  avia-builder-el-first '   itemprop=\"image\" itemscope=\"itemscope\" itemtype=\"https:\/\/schema.org\/ImageObject\" ><div class=\"avia-image-container-inner\"><div class=\"avia-image-overlay-wrap\"><img decoding=\"async\" class='wp-image- avia-img-lazy-loading-not- avia_image ' src=\"https:\/\/newmexicotruetalent.org\/wp-content\/uploads\/2021\/04\/Healthcare_Pathway_Photo.jpg\" alt='' title=''   itemprop=\"thumbnailUrl\"  \/><\/div><\/div><\/div><br \/>\n\n<style type=\"text\/css\" data-created_by=\"avia_inline_auto\" id=\"style-css-av-eqtjr-1a12b51fc5960627d781de0ab0ba9c2f\">\n#top .av-special-heading.av-eqtjr-1a12b51fc5960627d781de0ab0ba9c2f{\npadding-bottom:0;\n}\nbody .av-special-heading.av-eqtjr-1a12b51fc5960627d781de0ab0ba9c2f .av-special-heading-tag .heading-char{\nfont-size:25px;\n}\n.av-special-heading.av-eqtjr-1a12b51fc5960627d781de0ab0ba9c2f .av-subheading{\nfont-size:15px;\n}\n<\/style>\n<div  class='av-special-heading av-eqtjr-1a12b51fc5960627d781de0ab0ba9c2f av-special-heading-h2 blockquote modern-quote  avia-builder-el-2  el_after_av_image  el_before_av_hr  av-linked-heading'><h2 class='av-special-heading-tag'  itemprop=\"headline\"  >Informaci\u00f3n Sobre la Trayectoria Profesional en Salud<\/h2><div class=\"special-heading-border\"><div class=\"special-heading-inner-border\"><\/div><\/div><\/div><br \/>\n\n<style type=\"text\/css\" data-created_by=\"avia_inline_auto\" id=\"style-css-av-301elt-6af2ab138ad66bda024dd6952478e816\">\n#top .hr.av-301elt-6af2ab138ad66bda024dd6952478e816{\nmargin-top:10px;\nmargin-bottom:10px;\n}\n.hr.av-301elt-6af2ab138ad66bda024dd6952478e816 .hr-inner{\nwidth:50px;\nborder-color:#efbb20;\n}\n<\/style>\n<div  class='hr av-301elt-6af2ab138ad66bda024dd6952478e816 hr-custom  avia-builder-el-3  el_after_av_heading  el_before_av_heading  hr-left hr-icon-no'><span class='hr-inner inner-border-av-border-fat'><span class=\"hr-inner-style\"><\/span><\/span><\/div><br \/>\n\n<style type=\"text\/css\" data-created_by=\"avia_inline_auto\" id=\"style-css-av-t8g7-13abdbe67f07eb34beafe87a06c53253\">\n#top .av-special-heading.av-t8g7-13abdbe67f07eb34beafe87a06c53253{\npadding-bottom:0;\n}\nbody .av-special-heading.av-t8g7-13abdbe67f07eb34beafe87a06c53253 .av-special-heading-tag .heading-char{\nfont-size:25px;\n}\n.av-special-heading.av-t8g7-13abdbe67f07eb34beafe87a06c53253 .av-subheading{\nfont-size:15px;\n}\n<\/style>\n<div  class='av-special-heading av-t8g7-13abdbe67f07eb34beafe87a06c53253 av-special-heading-h3 blockquote modern-quote  avia-builder-el-4  el_after_av_hr  el_before_av_textblock  av-linked-heading'><h3 class='av-special-heading-tag'  itemprop=\"headline\"  >Trayectoria Profesional<\/h3><div class=\"special-heading-border\"><div class=\"special-heading-inner-border\"><\/div><\/div><\/div><br \/>\n<section  class='av_textblock_section av-kdrqc4a7-f848caa11f2ea02beff1aa9f3bc7c90d '   itemscope=\"itemscope\" itemtype=\"https:\/\/schema.org\/CreativeWork\" ><div class='avia_textblock'  itemprop=\"text\" ><p>Las trayectorias profesionales te muestran c\u00f3mo conectar tus opciones educativas \u2013 Carrera y Educaci\u00f3n T\u00e9cnica, Certificaciones profesionales, T\u00edtulos de dos a\u00f1os, T\u00edtulos de cuatro a\u00f1os y m\u00e1s all\u00e1 \u2013 con aprendizaje al trabajo mientras te preparas para una serie de carreras en estas Industrias del Siglo XXI. Las trayectorias funcionan tanto horizontal como verticalmente, mostr\u00e1ndote cu\u00e1nto que necesitas llegar en tu nivel de educaci\u00f3n y aprender al pr\u00e1ctica para estar listo para las carreras que deseas.<\/p>\n<\/div><\/section><br \/>\n\n<style type=\"text\/css\" data-created_by=\"avia_inline_auto\" id=\"style-css-av-jqcz6o8r-1881a1425b0c6731eb291dcc3b450728\">\n.avia-image-container.av-jqcz6o8r-1881a1425b0c6731eb291dcc3b450728 img.avia_image{\nbox-shadow:none;\n}\n.avia-image-container.av-jqcz6o8r-1881a1425b0c6731eb291dcc3b450728 .av-image-caption-overlay-center{\ncolor:#ffffff;\n}\n<\/style>\n<div  class='avia-image-container av-jqcz6o8r-1881a1425b0c6731eb291dcc3b450728 av-styling- avia-align-center  avia-builder-el-6  el_after_av_textblock  avia-builder-el-last '   itemprop=\"image\" itemscope=\"itemscope\" itemtype=\"https:\/\/schema.org\/ImageObject\" ><div class=\"avia-image-container-inner\"><div class=\"avia-image-overlay-wrap\"><img decoding=\"async\" class='wp-image-773 avia-img-lazy-loading-not-773 avia_image ' src=\"https:\/\/bridge2careers.org\/spanish\/wp-content\/uploads\/sites\/4\/sites\/4\/2019\/04\/Spanish-Pathway-Healthcare.jpg\" alt='' title=''  height=\"989\" width=\"1280\"  itemprop=\"thumbnailUrl\" srcset=\"https:\/\/bridge2careers.org\/spanish\/wp-content\/uploads\/sites\/4\/sites\/4\/2019\/04\/Spanish-Pathway-Healthcare.jpg 1280w, https:\/\/bridge2careers.org\/spanish\/wp-content\/uploads\/sites\/4\/sites\/4\/2019\/04\/Spanish-Pathway-Healthcare-300x232.jpg 300w, https:\/\/bridge2careers.org\/spanish\/wp-content\/uploads\/sites\/4\/sites\/4\/2019\/04\/Spanish-Pathway-Healthcare-768x593.jpg 768w, https:\/\/bridge2careers.org\/spanish\/wp-content\/uploads\/sites\/4\/sites\/4\/2019\/04\/Spanish-Pathway-Healthcare-1024x791.jpg 1024w, https:\/\/bridge2careers.org\/spanish\/wp-content\/uploads\/sites\/4\/sites\/4\/2019\/04\/Spanish-Pathway-Healthcare-705x545.jpg 705w, https:\/\/bridge2careers.org\/spanish\/wp-content\/uploads\/sites\/4\/sites\/4\/2019\/04\/Spanish-Pathway-Healthcare-450x348.jpg 450w\" sizes=\"(max-width: 1280px) 100vw, 1280px\" \/><\/div><\/div><\/div><\/p><\/div>\n\n<style type=\"text\/css\" data-created_by=\"avia_inline_auto\" id=\"style-css-av-b17v6-1d0977c5c285240be66734638b73165d\">\n.flex_column.av-b17v6-1d0977c5c285240be66734638b73165d{\n-webkit-border-radius:0px 0px 0px 0px;\n-moz-border-radius:0px 0px 0px 0px;\nborder-radius:0px 0px 0px 0px;\npadding:0px 0px 0px 0px;\n}\n<\/style>\n<div  class='flex_column av-b17v6-1d0977c5c285240be66734638b73165d av_one_full  avia-builder-el-7  el_after_av_one_full  el_before_av_one_full  first flex_column_div av-zero-column-padding  column-top-margin'     ><p>\n<style type=\"text\/css\" data-created_by=\"avia_inline_auto\" id=\"style-css-av-av_heading-97b052616cff6d3a375c2a408cdfaf56\">\n#top .av-special-heading.av-av_heading-97b052616cff6d3a375c2a408cdfaf56{\npadding-bottom:0;\n}\nbody .av-special-heading.av-av_heading-97b052616cff6d3a375c2a408cdfaf56 .av-special-heading-tag .heading-char{\nfont-size:25px;\n}\n.av-special-heading.av-av_heading-97b052616cff6d3a375c2a408cdfaf56 .av-subheading{\nfont-size:15px;\n}\n<\/style>\n<div  class='av-special-heading av-av_heading-97b052616cff6d3a375c2a408cdfaf56 av-special-heading-h3 blockquote modern-quote  avia-builder-el-8  el_before_av_textblock  avia-builder-el-first  av-linked-heading'><h3 class='av-special-heading-tag'  itemprop=\"headline\"  >\u00bfQu\u00e9 aprendimos directamente de los empleadores sobre las carreras en Mountainview Regional Medical Center, Memorial Medical Center, Mesilla Valley Hospital, Rehabilitation Hospital of Southern New Mexico, y Warren <span class='special_amp'>&amp;<\/span> Law Dental, LLC?<\/h3><div class=\"special-heading-border\"><div class=\"special-heading-inner-border\"><\/div><\/div><\/div><br \/>\n<section  class='av_textblock_section av-8wv0h-eff6c62e5e1ef4d1c0d78adb12c55409 '   itemscope=\"itemscope\" itemtype=\"https:\/\/schema.org\/CreativeWork\" ><div class='avia_textblock'  itemprop=\"text\" ><p>Si quieres formar parte de carreras incre\u00edbles en atenci\u00f3n m\u00e9dica, al seguir encontrar\u00e1s m\u00e1s acerca de las habilidades, t\u00edtulos y experiencia laboral previa que est\u00e1n buscando. Para obtener un informe completo, <a href=\"https:\/\/newmexicotruetalent.org\/wp-content\/uploads\/2021\/09\/Healthcare_Industry_Roundtable_Report_Updated_8-25-21.pdf\" target=\"_blank\" rel=\"noopener\">haga clic aqu\u00ed<\/a>.<\/p>\n<p>Estos empleadores indicaron que contratan personas para cumplir con una serie de diferentes roles en su organizaci\u00f3n. De las 3275 personas empleadas de solo cinco de los 1000 empleadores de atenci\u00f3n m\u00e9dica de nuestro condado, su fuerza de trabajo se detalla casi a la mitad entre profesionales y personal con licencia y sin licencia:<\/p>\n<ul>\n<li>954 Profesionales m\u00e9dicos con licencia<\/li>\n<li>679 Personal de Apoyo Cl\u00ednico<\/li>\n<li>230 Personal administrativo y de apoyo<\/li>\n<\/ul>\n<\/div><\/section><\/p><\/div>\n<style type=\"text\/css\" data-created_by=\"avia_inline_auto\" id=\"style-css-av-b17v6-1d0977c5c285240be66734638b73165d\">\n.flex_column.av-b17v6-1d0977c5c285240be66734638b73165d{\n-webkit-border-radius:0px 0px 0px 0px;\n-moz-border-radius:0px 0px 0px 0px;\nborder-radius:0px 0px 0px 0px;\npadding:0px 0px 0px 0px;\n}\n<\/style>\n<div  class='flex_column av-b17v6-1d0977c5c285240be66734638b73165d av_one_full  avia-builder-el-10  el_after_av_one_full  el_before_av_one_full  first flex_column_div av-zero-column-padding  column-top-margin'     ><p>\n<style type=\"text\/css\" data-created_by=\"avia_inline_auto\" id=\"style-css-av-kdowp686-01bf929c718c128d83ad0254f57c5e23\">\n#top .hr.hr-invisible.av-kdowp686-01bf929c718c128d83ad0254f57c5e23{\nheight:50px;\n}\n<\/style>\n<div  class='hr av-kdowp686-01bf929c718c128d83ad0254f57c5e23 hr-invisible  avia-builder-el-11  el_before_av_textblock  avia-builder-el-first '><span class='hr-inner '><span class=\"hr-inner-style\"><\/span><\/span><\/div><br \/>\n<section  class='av_textblock_section av-8wv0h-eff6c62e5e1ef4d1c0d78adb12c55409 '   itemscope=\"itemscope\" itemtype=\"https:\/\/schema.org\/CreativeWork\" ><div class='avia_textblock'  itemprop=\"text\" ><p>Esta industria paga salarios arriba pero poco menos del promedio de nuestro condado:<\/p>\n<\/div><\/section><br \/>\n\n<style type=\"text\/css\" data-created_by=\"avia_inline_auto\" id=\"style-css-av-kdoryphq-dbbb8a7982830925a02f5f13dbaaf7fb\">\n.avia-image-container.av-kdoryphq-dbbb8a7982830925a02f5f13dbaaf7fb img.avia_image{\nbox-shadow:none;\n}\n.avia-image-container.av-kdoryphq-dbbb8a7982830925a02f5f13dbaaf7fb .av-image-caption-overlay-center{\ncolor:#ffffff;\n}\n<\/style>\n<div  class='avia-image-container av-kdoryphq-dbbb8a7982830925a02f5f13dbaaf7fb av-styling- avia-align-left  avia-builder-el-13  el_after_av_textblock  avia-builder-el-last '   itemprop=\"image\" itemscope=\"itemscope\" itemtype=\"https:\/\/schema.org\/ImageObject\" ><div class=\"avia-image-container-inner\"><div class=\"avia-image-overlay-wrap\"><img decoding=\"async\" class='wp-image- avia-img-lazy-loading-not- avia_image ' src=\"https:\/\/newmexicotruetalent.org\/wp-content\/uploads\/2020\/10\/chart1.jpg\" alt='' title=''   itemprop=\"thumbnailUrl\"  \/><\/div><\/div><\/div><\/p><\/div>\n\n<style type=\"text\/css\" data-created_by=\"avia_inline_auto\" id=\"style-css-av-b17v6-1d0977c5c285240be66734638b73165d\">\n.flex_column.av-b17v6-1d0977c5c285240be66734638b73165d{\n-webkit-border-radius:0px 0px 0px 0px;\n-moz-border-radius:0px 0px 0px 0px;\nborder-radius:0px 0px 0px 0px;\npadding:0px 0px 0px 0px;\n}\n<\/style>\n<div  class='flex_column av-b17v6-1d0977c5c285240be66734638b73165d av_one_full  avia-builder-el-14  el_after_av_one_full  el_before_av_one_full  first flex_column_div av-zero-column-padding  column-top-margin'     ><p>\n<style type=\"text\/css\" data-created_by=\"avia_inline_auto\" id=\"style-css-av-kdowp686-01bf929c718c128d83ad0254f57c5e23\">\n#top .hr.hr-invisible.av-kdowp686-01bf929c718c128d83ad0254f57c5e23{\nheight:50px;\n}\n<\/style>\n<div  class='hr av-kdowp686-01bf929c718c128d83ad0254f57c5e23 hr-invisible  avia-builder-el-15  el_before_av_image  avia-builder-el-first '><span class='hr-inner '><span class=\"hr-inner-style\"><\/span><\/span><\/div><br \/>\n\n<style type=\"text\/css\" data-created_by=\"avia_inline_auto\" id=\"style-css-av-kdosjn71-4392f58cfddc50a19d6ad32b94755f91\">\n.avia-image-container.av-kdosjn71-4392f58cfddc50a19d6ad32b94755f91 img.avia_image{\nbox-shadow:none;\n}\n.avia-image-container.av-kdosjn71-4392f58cfddc50a19d6ad32b94755f91 .av-image-caption-overlay-center{\ncolor:#ffffff;\n}\n<\/style>\n<div  class='avia-image-container av-kdosjn71-4392f58cfddc50a19d6ad32b94755f91 av-styling- avia-align-center  avia-builder-el-16  el_after_av_hr  avia-builder-el-last '   itemprop=\"image\" itemscope=\"itemscope\" itemtype=\"https:\/\/schema.org\/ImageObject\" ><div class=\"avia-image-container-inner\"><div class=\"avia-image-overlay-wrap\"><img decoding=\"async\" class='wp-image-989 avia-img-lazy-loading-not-989 avia_image ' src=\"https:\/\/bridge2careers.org\/spanish\/wp-content\/uploads\/sites\/4\/sites\/4\/2021\/06\/Healthcare-Eligibility-Spanish.jpg\" alt='' title='Healthcare-Eligibility---Spanish'  height=\"1644\" width=\"1240\"  itemprop=\"thumbnailUrl\" srcset=\"https:\/\/bridge2careers.org\/spanish\/wp-content\/uploads\/sites\/4\/sites\/4\/2021\/06\/Healthcare-Eligibility-Spanish.jpg 1240w, https:\/\/bridge2careers.org\/spanish\/wp-content\/uploads\/sites\/4\/sites\/4\/2021\/06\/Healthcare-Eligibility-Spanish-226x300.jpg 226w, https:\/\/bridge2careers.org\/spanish\/wp-content\/uploads\/sites\/4\/sites\/4\/2021\/06\/Healthcare-Eligibility-Spanish-777x1030.jpg 777w, https:\/\/bridge2careers.org\/spanish\/wp-content\/uploads\/sites\/4\/sites\/4\/2021\/06\/Healthcare-Eligibility-Spanish-768x1018.jpg 768w, https:\/\/bridge2careers.org\/spanish\/wp-content\/uploads\/sites\/4\/sites\/4\/2021\/06\/Healthcare-Eligibility-Spanish-1159x1536.jpg 1159w, https:\/\/bridge2careers.org\/spanish\/wp-content\/uploads\/sites\/4\/sites\/4\/2021\/06\/Healthcare-Eligibility-Spanish-1131x1500.jpg 1131w, https:\/\/bridge2careers.org\/spanish\/wp-content\/uploads\/sites\/4\/sites\/4\/2021\/06\/Healthcare-Eligibility-Spanish-532x705.jpg 532w\" sizes=\"(max-width: 1240px) 100vw, 1240px\" \/><\/div><\/div><\/div><\/p><\/div>\n\n<style type=\"text\/css\" data-created_by=\"avia_inline_auto\" id=\"style-css-av-16jh76-9a82ac75594cdcbf7d46e488f940dca9\">\n.flex_column.av-16jh76-9a82ac75594cdcbf7d46e488f940dca9{\n-webkit-border-radius:0px 0px 0px 0px;\n-moz-border-radius:0px 0px 0px 0px;\nborder-radius:0px 0px 0px 0px;\npadding:0px 0px 0px 0px;\n}\n<\/style>\n<div  class='flex_column av-16jh76-9a82ac75594cdcbf7d46e488f940dca9 av_one_full  avia-builder-el-17  el_after_av_one_full  el_before_av_one_half  first flex_column_div av-zero-column-padding  column-top-margin'     ><p>\n<style type=\"text\/css\" data-created_by=\"avia_inline_auto\" id=\"style-css-av-kppf95wi-38f5ef743abfaf9266774b54985def4a\">\n#top .av-special-heading.av-kppf95wi-38f5ef743abfaf9266774b54985def4a{\npadding-bottom:0;\n}\nbody .av-special-heading.av-kppf95wi-38f5ef743abfaf9266774b54985def4a .av-special-heading-tag .heading-char{\nfont-size:25px;\n}\n.av-special-heading.av-kppf95wi-38f5ef743abfaf9266774b54985def4a .av-subheading{\nfont-size:15px;\n}\n<\/style>\n<div  class='av-special-heading av-kppf95wi-38f5ef743abfaf9266774b54985def4a av-special-heading-h2 blockquote modern-quote  avia-builder-el-18  el_before_av_hr  avia-builder-el-first  av-linked-heading'><h2 class='av-special-heading-tag'  itemprop=\"headline\"  >T\u00edtulos M\u00e1s Solicitados<\/h2><div class=\"special-heading-border\"><div class=\"special-heading-inner-border\"><\/div><\/div><\/div><br \/>\n\n<style type=\"text\/css\" data-created_by=\"avia_inline_auto\" id=\"style-css-av-301elt-6af2ab138ad66bda024dd6952478e816\">\n#top .hr.av-301elt-6af2ab138ad66bda024dd6952478e816{\nmargin-top:10px;\nmargin-bottom:10px;\n}\n.hr.av-301elt-6af2ab138ad66bda024dd6952478e816 .hr-inner{\nwidth:50px;\nborder-color:#efbb20;\n}\n<\/style>\n<div  class='hr av-301elt-6af2ab138ad66bda024dd6952478e816 hr-custom  avia-builder-el-19  el_after_av_heading  avia-builder-el-last  hr-left hr-icon-no'><span class='hr-inner inner-border-av-border-fat'><span class=\"hr-inner-style\"><\/span><\/span><\/div><\/p><\/div>\n\n<style type=\"text\/css\" data-created_by=\"avia_inline_auto\" id=\"style-css-av-15clzm-4c67696a7f57667b09b11c375b20a980\">\n.flex_column.av-15clzm-4c67696a7f57667b09b11c375b20a980{\n-webkit-border-radius:0px 0px 0px 0px;\n-moz-border-radius:0px 0px 0px 0px;\nborder-radius:0px 0px 0px 0px;\npadding:0px 0px 0px 0px;\n}\n<\/style>\n<div  class='flex_column av-15clzm-4c67696a7f57667b09b11c375b20a980 av_one_half  avia-builder-el-20  el_after_av_one_full  el_before_av_one_half  first flex_column_div av-zero-column-padding  column-top-margin'     ><section  class='av_textblock_section av-8wv0h-eff6c62e5e1ef4d1c0d78adb12c55409 '   itemscope=\"itemscope\" itemtype=\"https:\/\/schema.org\/CreativeWork\" ><div class='avia_textblock'  itemprop=\"text\" ><h4>Licenciaturas universitarias (4 a\u00f1os):<\/h4>\n<ul>\n<li>Enfermer\u00eda (con la m\u00e1s solicitada)<\/li>\n<li>Fisioterapia<\/li>\n<li>Administraci\u00f3n de Empresas<\/li>\n<li>Terapia ocupacional<\/li>\n<li>Terapia de lenguaje<\/li>\n<li>Higienista dental<\/li>\n<li>Administraci\u00f3n profesional en salud<\/li>\n<li>T\u00e9cnico m\u00e9dico<\/li>\n<\/ul>\n<\/div><\/section><\/div>\n\n<style type=\"text\/css\" data-created_by=\"avia_inline_auto\" id=\"style-css-av-z16hm-37a367545a0ae7ffc01f14ca360f2ef1\">\n.flex_column.av-z16hm-37a367545a0ae7ffc01f14ca360f2ef1{\n-webkit-border-radius:0px 0px 0px 0px;\n-moz-border-radius:0px 0px 0px 0px;\nborder-radius:0px 0px 0px 0px;\npadding:0px 0px 0px 0px;\n}\n<\/style>\n<div  class='flex_column av-z16hm-37a367545a0ae7ffc01f14ca360f2ef1 av_one_half  avia-builder-el-22  el_after_av_one_half  el_before_av_one_full  flex_column_div av-zero-column-padding  column-top-margin'     ><section  class='av_textblock_section av-8wv0h-eff6c62e5e1ef4d1c0d78adb12c55409 '   itemscope=\"itemscope\" itemtype=\"https:\/\/schema.org\/CreativeWork\" ><div class='avia_textblock'  itemprop=\"text\" ><h4>T\u00edtulos asociados (2 a\u00f1os):<\/h4>\n<ul>\n<li>Enfermer\u00eda (la m\u00e1s solicitada)<\/li>\n<li>Auxiliar en enfermer\u00eda<\/li>\n<li>Asistencia dental<\/li>\n<li>Higienista dental<\/li>\n<li>Radiolog\u00eda<\/li>\n<li>Coordinador de facturaci\u00f3n de seguros<\/li>\n<li>Asistente de laboratorio m\u00e9dico<\/li>\n<li>Terapeuta respiratorio<\/li>\n<\/ul>\n<\/div><\/section><\/div>\n\n<style type=\"text\/css\" data-created_by=\"avia_inline_auto\" id=\"style-css-av-p67xu-c8788ba24c5349f30eb424ffa0afddcb\">\n.flex_column.av-p67xu-c8788ba24c5349f30eb424ffa0afddcb{\n-webkit-border-radius:0px 0px 0px 0px;\n-moz-border-radius:0px 0px 0px 0px;\nborder-radius:0px 0px 0px 0px;\npadding:0px 0px 0px 0px;\n}\n<\/style>\n<div  class='flex_column av-p67xu-c8788ba24c5349f30eb424ffa0afddcb av_one_full  avia-builder-el-24  el_after_av_one_half  el_before_av_one_full  first flex_column_div av-zero-column-padding  column-top-margin'     ><p>\n<style type=\"text\/css\" data-created_by=\"avia_inline_auto\" id=\"style-css-av-kppfddqh-9f0fee6f45beda9b0146b903f70f7b99\">\n#top .av-special-heading.av-kppfddqh-9f0fee6f45beda9b0146b903f70f7b99{\npadding-bottom:0;\n}\nbody .av-special-heading.av-kppfddqh-9f0fee6f45beda9b0146b903f70f7b99 .av-special-heading-tag .heading-char{\nfont-size:25px;\n}\n.av-special-heading.av-kppfddqh-9f0fee6f45beda9b0146b903f70f7b99 .av-subheading{\nfont-size:15px;\n}\n<\/style>\n<div  class='av-special-heading av-kppfddqh-9f0fee6f45beda9b0146b903f70f7b99 av-special-heading-h2 blockquote modern-quote  avia-builder-el-25  el_before_av_hr  avia-builder-el-first  av-linked-heading'><h2 class='av-special-heading-tag'  itemprop=\"headline\"  >Operaciones y Certificados M\u00e1s Solicitados<\/h2><div class=\"special-heading-border\"><div class=\"special-heading-inner-border\"><\/div><\/div><\/div><br \/>\n\n<style type=\"text\/css\" data-created_by=\"avia_inline_auto\" id=\"style-css-av-301elt-6af2ab138ad66bda024dd6952478e816\">\n#top .hr.av-301elt-6af2ab138ad66bda024dd6952478e816{\nmargin-top:10px;\nmargin-bottom:10px;\n}\n.hr.av-301elt-6af2ab138ad66bda024dd6952478e816 .hr-inner{\nwidth:50px;\nborder-color:#efbb20;\n}\n<\/style>\n<div  class='hr av-301elt-6af2ab138ad66bda024dd6952478e816 hr-custom  avia-builder-el-26  el_after_av_heading  el_before_av_textblock  hr-left hr-icon-no'><span class='hr-inner inner-border-av-border-fat'><span class=\"hr-inner-style\"><\/span><\/span><\/div><br \/>\n<section  class='av_textblock_section av-8wv0h-eff6c62e5e1ef4d1c0d78adb12c55409 '   itemscope=\"itemscope\" itemtype=\"https:\/\/schema.org\/CreativeWork\" ><div class='avia_textblock'  itemprop=\"text\" ><ul>\n<li>Certificado de auxiliar de enfermer\u00eda<\/li>\n<li>Certificaci\u00f3n radiol\u00f3gica<\/li>\n<li>Habilidades de contabilidad<\/li>\n<li>Flebotom\u00eda<\/li>\n<li>Experiencia en facturaci\u00f3n de seguros<\/li>\n<li>Asistente certificado m\u00e9dico<\/li>\n<li>T\u00e9cnico de sala de operaciones<\/li>\n<li>Auxiliar al m\u00e9dico<\/li>\n<\/ul>\n<\/div><\/section><\/p><\/div>\n\n<style type=\"text\/css\" data-created_by=\"avia_inline_auto\" id=\"style-css-av-l0f6y-44d32c776e834cbfa21b38a7db289f21\">\n.flex_column.av-l0f6y-44d32c776e834cbfa21b38a7db289f21{\n-webkit-border-radius:0px 0px 0px 0px;\n-moz-border-radius:0px 0px 0px 0px;\nborder-radius:0px 0px 0px 0px;\npadding:0px 0px 0px 0px;\n}\n<\/style>\n<div  class='flex_column av-l0f6y-44d32c776e834cbfa21b38a7db289f21 av_one_full  avia-builder-el-28  el_after_av_one_full  avia-builder-el-last  first flex_column_div av-zero-column-padding  column-top-margin'     ><p>\n<style type=\"text\/css\" data-created_by=\"avia_inline_auto\" id=\"style-css-av-89ytz-f39dfe54ba05e21c354fa241b6979312\">\n#top .av-special-heading.av-89ytz-f39dfe54ba05e21c354fa241b6979312{\npadding-bottom:0;\n}\nbody .av-special-heading.av-89ytz-f39dfe54ba05e21c354fa241b6979312 .av-special-heading-tag .heading-char{\nfont-size:25px;\n}\n.av-special-heading.av-89ytz-f39dfe54ba05e21c354fa241b6979312 .av-subheading{\nfont-size:15px;\n}\n<\/style>\n<div  class='av-special-heading av-89ytz-f39dfe54ba05e21c354fa241b6979312 av-special-heading-h2 blockquote modern-quote  avia-builder-el-29  el_before_av_hr  avia-builder-el-first  av-linked-heading'><h2 class='av-special-heading-tag'  itemprop=\"headline\"  >EXPERIENCIAS M\u00c1S SOLICITADAS (SIN NECESIDAD DE T\u00cdTULO)<\/h2><div class=\"special-heading-border\"><div class=\"special-heading-inner-border\"><\/div><\/div><\/div><br \/>\n\n<style type=\"text\/css\" data-created_by=\"avia_inline_auto\" id=\"style-css-av-301elt-6af2ab138ad66bda024dd6952478e816\">\n#top .hr.av-301elt-6af2ab138ad66bda024dd6952478e816{\nmargin-top:10px;\nmargin-bottom:10px;\n}\n.hr.av-301elt-6af2ab138ad66bda024dd6952478e816 .hr-inner{\nwidth:50px;\nborder-color:#efbb20;\n}\n<\/style>\n<div  class='hr av-301elt-6af2ab138ad66bda024dd6952478e816 hr-custom  avia-builder-el-30  el_after_av_heading  el_before_av_textblock  hr-left hr-icon-no'><span class='hr-inner inner-border-av-border-fat'><span class=\"hr-inner-style\"><\/span><\/span><\/div><br \/>\n<section  class='av_textblock_section av-8wv0h-eff6c62e5e1ef4d1c0d78adb12c55409 '   itemscope=\"itemscope\" itemtype=\"https:\/\/schema.org\/CreativeWork\" ><div class='avia_textblock'  itemprop=\"text\" ><ul>\n<li>T\u00e9cnico en atenci\u00f3n al paciente<\/li>\n<li>Recepcionista<\/li>\n<li>Representante de admisiones<\/li>\n<li>Asistente administrativo<\/li>\n<li>Asistencia dental<\/li>\n<li>Personal administrativo de la oficina principal<\/li>\n<li>Servicios ambientales<\/li>\n<li>Cocinero\/Diet\u00e9tico<\/li>\n<li>Trabajo de limpieza<\/li>\n<li>Secretario de admisiones<\/li>\n<\/ul>\n<\/div><\/section><br \/>\n<section  class='av_textblock_section av-ks97e4io-0e7a07614299c985b12a6edf2bca47b9 '   itemscope=\"itemscope\" itemtype=\"https:\/\/schema.org\/CreativeWork\" ><div class='avia_textblock'  itemprop=\"text\" ><p>Ahora que sabes lo que necesitas, puedes comenzar tu hoja de trayectoria con los proveedores de educaci\u00f3n y capacitaci\u00f3n para ayudarte a llegar a tu destino profesional. Consulta tu hoja de trayectoria <a href=\"https:\/\/newmexicotruetalent.org\/spanish\/explorando-su-ruta\/\">aqu\u00ed<\/a>.<\/p>\n<\/div><\/section><\/p><\/div>\n","protected":false},"excerpt":{"rendered":"","protected":false},"author":1,"featured_media":0,"parent":594,"menu_order":0,"comment_status":"closed","ping_status":"closed","template":"","meta":{"footnotes":""},"class_list":["post-975","page","type-page","status-publish","hentry"],"_links":{"self":[{"href":"https:\/\/bridge2careers.org\/spanish\/wp-json\/wp\/v2\/pages\/975","targetHints":{"allow":["GET"]}}],"collection":[{"href":"https:\/\/bridge2careers.org\/spanish\/wp-json\/wp\/v2\/pages"}],"about":[{"href":"https:\/\/bridge2careers.org\/spanish\/wp-json\/wp\/v2\/types\/page"}],"author":[{"embeddable":true,"href":"https:\/\/bridge2careers.org\/spanish\/wp-json\/wp\/v2\/users\/1"}],"replies":[{"embeddable":true,"href":"https:\/\/bridge2careers.org\/spanish\/wp-json\/wp\/v2\/comments?post=975"}],"version-history":[{"count":8,"href":"https:\/\/bridge2careers.org\/spanish\/wp-json\/wp\/v2\/pages\/975\/revisions"}],"predecessor-version":[{"id":1108,"href":"https:\/\/bridge2careers.org\/spanish\/wp-json\/wp\/v2\/pages\/975\/revisions\/1108"}],"up":[{"embeddable":true,"href":"https:\/\/bridge2careers.org\/spanish\/wp-json\/wp\/v2\/pages\/594"}],"wp:attachment":[{"href":"https:\/\/bridge2careers.org\/spanish\/wp-json\/wp\/v2\/media?parent=975"}],"curies":[{"name":"wp","href":"https:\/\/api.w.org\/{rel}","templated":true}]}}