{"id":594,"date":"2018-12-31T23:14:20","date_gmt":"2018-12-31T23:14:20","guid":{"rendered":"https:\/\/newmexicotruetalent.org\/spanish\/?page_id=594"},"modified":"2021-03-10T10:21:04","modified_gmt":"2021-03-10T18:21:04","slug":"guias-de-las-carreras","status":"publish","type":"page","link":"https:\/\/bridge2careers.org\/spanish\/guias-de-las-carreras\/","title":{"rendered":"Guias de las Carreras"},"content":{"rendered":"\n<style type=\"text\/css\" data-created_by=\"avia_inline_auto\" id=\"style-css-av-82mne-7e30414f9ef240a7bc23641f6396c464\">\n.flex_column.av-82mne-7e30414f9ef240a7bc23641f6396c464{\n-webkit-border-radius:0px 0px 0px 0px;\n-moz-border-radius:0px 0px 0px 0px;\nborder-radius:0px 0px 0px 0px;\npadding:0px 0px 0px 0px;\n}\n<\/style>\n<div  class='flex_column av-82mne-7e30414f9ef240a7bc23641f6396c464 av_one_full  avia-builder-el-0  el_before_av_one_half  avia-builder-el-first  first flex_column_div av-zero-column-padding  '     ><p>\n<style type=\"text\/css\" data-created_by=\"avia_inline_auto\" id=\"style-css-av-ju8vipiu-b28ca9e4e7218a63dd710a873a80029a\">\n#top .av-special-heading.av-ju8vipiu-b28ca9e4e7218a63dd710a873a80029a{\npadding-bottom:10px;\n}\nbody .av-special-heading.av-ju8vipiu-b28ca9e4e7218a63dd710a873a80029a .av-special-heading-tag .heading-char{\nfont-size:25px;\n}\n.av-special-heading.av-ju8vipiu-b28ca9e4e7218a63dd710a873a80029a .av-subheading{\nfont-size:15px;\n}\n<\/style>\n<div  class='av-special-heading av-ju8vipiu-b28ca9e4e7218a63dd710a873a80029a av-special-heading-h2 blockquote modern-quote modern-centered  avia-builder-el-1  el_before_av_hr  avia-builder-el-first '><h2 class='av-special-heading-tag'  itemprop=\"headline\"  >LAS RUTAS SON LAS VIAS QUE CONECTAN A LA GENTE CON LAS OPORTUNIDADES<\/h2><div class=\"special-heading-border\"><div class=\"special-heading-inner-border\"><\/div><\/div><\/div><br \/>\n\n<style type=\"text\/css\" data-created_by=\"avia_inline_auto\" id=\"style-css-av-jqcxwt0t-6ea1d77315bc1d357db1fdd97ca491fb\">\n#top .hr.av-jqcxwt0t-6ea1d77315bc1d357db1fdd97ca491fb{\nmargin-top:30px;\nmargin-bottom:30px;\n}\n.hr.av-jqcxwt0t-6ea1d77315bc1d357db1fdd97ca491fb .hr-inner{\nwidth:50px;\nborder-color:#f79721;\n}\n<\/style>\n<div  class='hr av-jqcxwt0t-6ea1d77315bc1d357db1fdd97ca491fb hr-custom  avia-builder-el-2  el_after_av_heading  el_before_av_textblock  hr-center hr-icon-no'><span class='hr-inner inner-border-av-border-thin'><span class=\"hr-inner-style\"><\/span><\/span><\/div><br \/>\n<section  class='av_textblock_section av-jqcxxryl-06e946c69b4ffa0e478984d2621a8794 '   itemscope=\"itemscope\" itemtype=\"https:\/\/schema.org\/CreativeWork\" ><div class='avia_textblock'  itemprop=\"text\" ><p>En el Condado de Do\u00f1a Ana, ocho industrias claves son vitales para el crecimiento y adquisici\u00f3n del poder de la gente, y la econom\u00eda en nuestra \u00e1rea. Cada una de estas ofrecen carreras bien remuneradas que proporcionan oportunidades para el avance. Para estar listo para estas carreras, es importante conectar los puntos negros (conectarnos de un punto a otro) desde la educaci\u00f3n y capacitaci\u00f3n hasta la exploraci\u00f3n de trabajos y colocaci\u00f3n en el empleo.<\/p>\n<p>Para explorar las Guias de las Carreras\/Profesiones en cada una de las Industrias identificadas en el condado. Oprima en el Titulo de la Industria que se encuentra abajo:<\/p>\n<\/div><\/section><\/p><\/div>\n\n<style type=\"text\/css\" data-created_by=\"avia_inline_auto\" id=\"style-css-av-1q8vr6-7fe54c69c18943331cdf62bd8a7f2cd0\">\n.flex_column.av-1q8vr6-7fe54c69c18943331cdf62bd8a7f2cd0{\n-webkit-border-radius:0px 0px 0px 0px;\n-moz-border-radius:0px 0px 0px 0px;\nborder-radius:0px 0px 0px 0px;\npadding:0px 0px 0px 0px;\n}\n<\/style>\n<div  class='flex_column av-1q8vr6-7fe54c69c18943331cdf62bd8a7f2cd0 av_one_half  avia-builder-el-4  el_after_av_one_full  el_before_av_one_half  first flex_column_div av-zero-column-padding  column-top-margin'     ><div  class='avia-icon-list-container av-jqcyabra-39a2595fe2c1760152e2310b9b4b55f1  avia-builder-el-5  avia-builder-el-no-sibling '><ul class='avia-icon-list avia_animate_when_almost_visible avia-icon-list-left av-iconlist-big av-jqcyabra-39a2595fe2c1760152e2310b9b4b55f1 avia-iconlist-animate'><li><div class='iconlist_icon av-se3ze-b08bf58eda0ebd19164ea221d1322425 avia-font-entypo-fontello'><span class='iconlist-char' aria-hidden='true' data-av_icon='\ue806' data-av_iconfont='entypo-fontello'><\/span><\/div><article class=\"article-icon-entry av-iconlist-empty\"  itemscope=\"itemscope\" itemtype=\"https:\/\/schema.org\/CreativeWork\" ><div class=\"iconlist_content_wrap\"><header class=\"entry-content-header\"><h4 class='av_iconlist_title iconlist_title  '  itemprop=\"headline\" >Cuidado de la Salud<\/h4><\/header><div class='iconlist_content '  itemprop=\"text\" ><\/div><\/div><footer class=\"entry-footer\"><\/footer><\/article><div class=\"iconlist-timeline\"><\/div><\/li><li><div class='iconlist_icon av-av_iconlist_item-de420669ad7e628a720f3fa78b7110bf avia-font-entypo-fontello'><span class='iconlist-char' aria-hidden='true' data-av_icon='\ue8ac' data-av_iconfont='entypo-fontello'><\/span><\/div><article class=\"article-icon-entry av-iconlist-empty\"  itemscope=\"itemscope\" itemtype=\"https:\/\/schema.org\/CreativeWork\" ><div class=\"iconlist_content_wrap\"><header class=\"entry-content-header\"><h4 class='av_iconlist_title iconlist_title  '  itemprop=\"headline\" ><a href='https:\/\/bridge2careers.org\/spanish\/guias-de-las-carreras\/medios-digitales\/' title='Medios Digitales'>Medios Digitales<\/a><\/h4><\/header><div class='iconlist_content '  itemprop=\"text\" ><\/div><\/div><footer class=\"entry-footer\"><\/footer><\/article><div class=\"iconlist-timeline\"><\/div><\/li><li><div class='iconlist_icon av-av_iconlist_item-264935a5555912d6b59067a86c12e777 avia-font-entypo-fontello'><span class='iconlist-char' aria-hidden='true' data-av_icon='\ue856' data-av_iconfont='entypo-fontello'><\/span><\/div><article class=\"article-icon-entry av-iconlist-empty\"  itemscope=\"itemscope\" itemtype=\"https:\/\/schema.org\/CreativeWork\" ><div class=\"iconlist_content_wrap\"><header class=\"entry-content-header\"><h4 class='av_iconlist_title iconlist_title  '  itemprop=\"headline\" ><a href='https:\/\/bridge2careers.org\/spanish\/guias-de-las-carreras\/fabricacion\/' title='Fabricaci\u00f3n'>Fabricaci\u00f3n<\/a><\/h4><\/header><div class='iconlist_content '  itemprop=\"text\" ><\/div><\/div><footer class=\"entry-footer\"><\/footer><\/article><div class=\"iconlist-timeline\"><\/div><\/li><li><div class='iconlist_icon av-7o84q-5322ac1c1387f751bead096e5f9e8fb8 avia-font-'><span class='iconlist-char' aria-hidden='true' data-av_icon='\ue802' data-av_iconfont='entypo-fontello'><\/span><\/div><article class=\"article-icon-entry av-iconlist-empty\"  itemscope=\"itemscope\" itemtype=\"https:\/\/schema.org\/CreativeWork\" ><div class=\"iconlist_content_wrap\"><header class=\"entry-content-header\"><h4 class='av_iconlist_title iconlist_title  '  itemprop=\"headline\" ><a href='https:\/\/bridge2careers.org\/spanish\/guias-de-las-carreras\/logisticas-en-el-transporte\/' title='Log\u00edsticas en el Transporte'>Log\u00edsticas en el Transporte<\/a><\/h4><\/header><div class='iconlist_content '  itemprop=\"text\" ><\/div><\/div><footer class=\"entry-footer\"><\/footer><\/article><div class=\"iconlist-timeline\"><\/div><\/li><\/ul><\/div><\/div>\n<style type=\"text\/css\" data-created_by=\"avia_inline_auto\" id=\"style-css-av-x9782-d23974ca5d430f3985e6eda3f2ecd653\">\n.flex_column.av-x9782-d23974ca5d430f3985e6eda3f2ecd653{\n-webkit-border-radius:0px 0px 0px 0px;\n-moz-border-radius:0px 0px 0px 0px;\nborder-radius:0px 0px 0px 0px;\npadding:0px 0px 0px 0px;\n}\n<\/style>\n<div  class='flex_column av-x9782-d23974ca5d430f3985e6eda3f2ecd653 av_one_half  avia-builder-el-6  el_after_av_one_half  avia-builder-el-last  flex_column_div av-zero-column-padding  column-top-margin'     ><div  class='avia-icon-list-container av-szpre-41de35706143da688a46f21ffad89118  avia-builder-el-7  avia-builder-el-no-sibling '><ul class='avia-icon-list avia_animate_when_almost_visible avia-icon-list-left av-iconlist-big av-szpre-41de35706143da688a46f21ffad89118 avia-iconlist-animate'><li><div class='iconlist_icon av-av_iconlist_item-ed8ccef8dbfc5cc2b6131779388d9b8b avia-font-entypo-fontello'><span class='iconlist-char' aria-hidden='true' data-av_icon='\ue8a9' data-av_iconfont='entypo-fontello'><\/span><\/div><article class=\"article-icon-entry av-iconlist-empty\"  itemscope=\"itemscope\" itemtype=\"https:\/\/schema.org\/CreativeWork\" ><div class=\"iconlist_content_wrap\"><header class=\"entry-content-header\"><h4 class='av_iconlist_title iconlist_title  '  itemprop=\"headline\" ><a href='https:\/\/bridge2careers.org\/spanish\/guias-de-las-carreras\/energia\/' title='Energ\u00eda'>Energ\u00eda<\/a><\/h4><\/header><div class='iconlist_content '  itemprop=\"text\" ><\/div><\/div><footer class=\"entry-footer\"><\/footer><\/article><div class=\"iconlist-timeline\"><\/div><\/li><li><div class='iconlist_icon av-av_iconlist_item-aab9208bbc99cbcabb8baef03ecd68d1 avia-font-hornaj'><span class='iconlist-char' aria-hidden='true' data-av_icon='\uf135' data-av_iconfont='hornaj'><\/span><\/div><article class=\"article-icon-entry av-iconlist-empty\"  itemscope=\"itemscope\" itemtype=\"https:\/\/schema.org\/CreativeWork\" ><div class=\"iconlist_content_wrap\"><header class=\"entry-content-header\"><h4 class='av_iconlist_title iconlist_title  '  itemprop=\"headline\" ><a href='https:\/\/bridge2careers.org\/spanish\/guias-de-las-carreras\/aerospacio\/' title='Aeroespacial'>Aeroespacial<\/a><\/h4><\/header><div class='iconlist_content '  itemprop=\"text\" ><\/div><\/div><footer class=\"entry-footer\"><\/footer><\/article><div class=\"iconlist-timeline\"><\/div><\/li><li><div class='iconlist_icon av-av_iconlist_item-54f09dfa692af25870bb0365a51354d1 avia-font-entypo-fontello'><span class='iconlist-char' aria-hidden='true' data-av_icon='\ue824' data-av_iconfont='entypo-fontello'><\/span><\/div><article class=\"article-icon-entry av-iconlist-empty\"  itemscope=\"itemscope\" itemtype=\"https:\/\/schema.org\/CreativeWork\" ><div class=\"iconlist_content_wrap\"><header class=\"entry-content-header\"><h4 class='av_iconlist_title iconlist_title  '  itemprop=\"headline\" ><a href='https:\/\/bridge2careers.org\/spanish\/guias-de-las-carreras\/defensa\/' title='Defensa'>Defensa<\/a><\/h4><\/header><div class='iconlist_content '  itemprop=\"text\" ><\/div><\/div><footer class=\"entry-footer\"><\/footer><\/article><div class=\"iconlist-timeline\"><\/div><\/li><li><div class='iconlist_icon av-828re-f4bb3c969510a366ca5d9b8f1acb595e avia-font-entypo-fontello'><span class='iconlist-char' aria-hidden='true' data-av_icon='\ue8b8' data-av_iconfont='entypo-fontello'><\/span><\/div><article class=\"article-icon-entry av-iconlist-empty\"  itemscope=\"itemscope\" itemtype=\"https:\/\/schema.org\/CreativeWork\" ><div class=\"iconlist_content_wrap\"><header class=\"entry-content-header\"><h4 class='av_iconlist_title iconlist_title  '  itemprop=\"headline\" >Valor Agregado a la Agricultura<\/h4><\/header><div class='iconlist_content '  itemprop=\"text\" ><\/div><\/div><footer class=\"entry-footer\"><\/footer><\/article><div class=\"iconlist-timeline\"><\/div><\/li><\/ul><\/div><\/div>\n","protected":false},"excerpt":{"rendered":"","protected":false},"author":1,"featured_media":0,"parent":0,"menu_order":3,"comment_status":"closed","ping_status":"closed","template":"","meta":{"footnotes":""},"class_list":["post-594","page","type-page","status-publish","hentry"],"_links":{"self":[{"href":"https:\/\/bridge2careers.org\/spanish\/wp-json\/wp\/v2\/pages\/594","targetHints":{"allow":["GET"]}}],"collection":[{"href":"https:\/\/bridge2careers.org\/spanish\/wp-json\/wp\/v2\/pages"}],"about":[{"href":"https:\/\/bridge2careers.org\/spanish\/wp-json\/wp\/v2\/types\/page"}],"author":[{"embeddable":true,"href":"https:\/\/bridge2careers.org\/spanish\/wp-json\/wp\/v2\/users\/1"}],"replies":[{"embeddable":true,"href":"https:\/\/bridge2careers.org\/spanish\/wp-json\/wp\/v2\/comments?post=594"}],"version-history":[{"count":5,"href":"https:\/\/bridge2careers.org\/spanish\/wp-json\/wp\/v2\/pages\/594\/revisions"}],"predecessor-version":[{"id":967,"href":"https:\/\/bridge2careers.org\/spanish\/wp-json\/wp\/v2\/pages\/594\/revisions\/967"}],"wp:attachment":[{"href":"https:\/\/bridge2careers.org\/spanish\/wp-json\/wp\/v2\/media?parent=594"}],"curies":[{"name":"wp","href":"https:\/\/api.w.org\/{rel}","templated":true}]}}