{"id":528,"date":"2018-12-29T21:38:26","date_gmt":"2018-12-29T21:38:26","guid":{"rendered":"https:\/\/newmexicotruetalent.org\/spanish\/?page_id=528"},"modified":"2021-12-21T22:04:07","modified_gmt":"2021-12-22T06:04:07","slug":"como-puede-usted-ayudar","status":"publish","type":"page","link":"https:\/\/bridge2careers.org\/spanish\/como-puede-usted-ayudar\/","title":{"rendered":"Como Puede Usted Ayudar"},"content":{"rendered":"\n<style type=\"text\/css\" data-created_by=\"avia_inline_auto\" id=\"style-css-av-q2ci0-e941cbfd39a4d431d10cb747161424d2\">\n.flex_column.av-q2ci0-e941cbfd39a4d431d10cb747161424d2{\n-webkit-border-radius:0px 0px 0px 0px;\n-moz-border-radius:0px 0px 0px 0px;\nborder-radius:0px 0px 0px 0px;\npadding:0px 0px 0px 0px;\n}\n<\/style>\n<div  class='flex_column av-q2ci0-e941cbfd39a4d431d10cb747161424d2 av_one_full  avia-builder-el-0  el_before_av_hr  avia-builder-el-first  first flex_column_div av-zero-column-padding  '     ><style type=\"text\/css\" data-created_by=\"avia_inline_auto\" id=\"style-css-av-ju8whxi2-6251506a050c9da705219c10144afea7\">\n#top .av-special-heading.av-ju8whxi2-6251506a050c9da705219c10144afea7{\npadding-bottom:10px;\n}\nbody .av-special-heading.av-ju8whxi2-6251506a050c9da705219c10144afea7 .av-special-heading-tag .heading-char{\nfont-size:25px;\n}\n.av-special-heading.av-ju8whxi2-6251506a050c9da705219c10144afea7 .av-subheading{\nfont-size:15px;\n}\n<\/style>\n<div  class='av-special-heading av-ju8whxi2-6251506a050c9da705219c10144afea7 av-special-heading-h2 blockquote modern-quote modern-centered  avia-builder-el-1  avia-builder-el-no-sibling  av-linked-heading'><h2 class='av-special-heading-tag'  itemprop=\"headline\"  >\u00a1USTED NOS PUEDE AYUDAR A EDIFICAR BRIDGE2CAREERS!<\/h2><div class=\"special-heading-border\"><div class=\"special-heading-inner-border\"><\/div><\/div><\/div><\/div>\n\n<style type=\"text\/css\" data-created_by=\"avia_inline_auto\" id=\"style-css-av-jq9zw2dr-678ddc06c999ae7661a6ba2b26795aff\">\n#top .hr.av-jq9zw2dr-678ddc06c999ae7661a6ba2b26795aff{\nmargin-top:5px;\nmargin-bottom:30px;\n}\n.hr.av-jq9zw2dr-678ddc06c999ae7661a6ba2b26795aff .hr-inner{\nwidth:50px;\nborder-color:#edae44;\n}\n<\/style>\n<div  class='hr av-jq9zw2dr-678ddc06c999ae7661a6ba2b26795aff hr-custom  avia-builder-el-2  el_after_av_one_full  el_before_av_textblock  hr-center hr-icon-no'><span class='hr-inner inner-border-av-border-fat'><span class=\"hr-inner-style\"><\/span><\/span><\/div>\n<section  class='av_textblock_section av-jq9znz4y-a30de8c922ca995eba79a096f4db25b5 '   itemscope=\"itemscope\" itemtype=\"https:\/\/schema.org\/CreativeWork\" ><div class='avia_textblock'  itemprop=\"text\" ><p>Bridge2Careers est\u00e1 apoyado completamente por la Organizaci\u00f3n: \u201cThe Bridge of Southern New Mexico\u201d. Gracias a las generosas contribuciones de nuestra fundaci\u00f3n, negocios, y asociados, Bridge2Careers se esfuerza para ser el mejor recurso -que se encuentra a solo un paso para conectarlo con sus oportunidades.<\/p>\n<p>Necesitamos su apoyo para continuar nuestro trabajo. Si le gustar\u00eda contribuir, por favor llame a \u201cThe Bridge of Southern New Mexico\u201d al 575-646-2527. O, puede completar la forma localizada abajo y nos pondremos en contacto con usted.<\/p>\n<p>\u00a1Usted tambi\u00e9n puede ayudarnos pasando la voz! Por favor promueva Bridge2Careers por medio de sus propias conexiones con p\u00e1ginas de Internet y medios sociales electr\u00f3nicos.<\/p>\n<p>\u00a1Le damos las gracias por su apoyo!<\/p>\n<\/div><\/section>\n<section  class='av_textblock_section av-7srns-ad176acf827dbd1171b969e739697106 '   itemscope=\"itemscope\" itemtype=\"https:\/\/schema.org\/CreativeWork\" ><div class='avia_textblock'  itemprop=\"text\" >\n<div class=\"wpcf7 no-js\" id=\"wpcf7-f809-o1\" lang=\"en-US\" dir=\"ltr\" data-wpcf7-id=\"809\">\n<div class=\"screen-reader-response\"><p role=\"status\" aria-live=\"polite\" aria-atomic=\"true\"><\/p> <ul><\/ul><\/div>\n<form action=\"\/spanish\/wp-json\/wp\/v2\/pages\/528#wpcf7-f809-o1\" method=\"post\" class=\"wpcf7-form init\" aria-label=\"Contact form\" novalidate=\"novalidate\" data-status=\"init\">\n<fieldset class=\"hidden-fields-container\"><input type=\"hidden\" name=\"_wpcf7\" value=\"809\" \/><input type=\"hidden\" name=\"_wpcf7_version\" value=\"6.1.2\" \/><input type=\"hidden\" name=\"_wpcf7_locale\" value=\"en_US\" \/><input type=\"hidden\" name=\"_wpcf7_unit_tag\" value=\"wpcf7-f809-o1\" \/><input type=\"hidden\" name=\"_wpcf7_container_post\" value=\"0\" \/><input type=\"hidden\" name=\"_wpcf7_posted_data_hash\" value=\"\" \/>\n<\/fieldset>\n<p><label> Your Name (required)<br \/>\n<span class=\"wpcf7-form-control-wrap\" data-name=\"your-name\"><input size=\"40\" maxlength=\"400\" class=\"wpcf7-form-control wpcf7-text wpcf7-validates-as-required\" aria-required=\"true\" aria-invalid=\"false\" value=\"\" type=\"text\" name=\"your-name\" \/><\/span> <\/label>\n<\/p>\n<p><label> Your Email (required)<br \/>\n<span class=\"wpcf7-form-control-wrap\" data-name=\"your-email\"><input size=\"40\" maxlength=\"400\" class=\"wpcf7-form-control wpcf7-email wpcf7-validates-as-required wpcf7-text wpcf7-validates-as-email\" aria-required=\"true\" aria-invalid=\"false\" value=\"\" type=\"email\" name=\"your-email\" \/><\/span> <\/label>\n<\/p>\n<p><label> Subject<br \/>\n<span class=\"wpcf7-form-control-wrap\" data-name=\"your-subject\"><input size=\"40\" maxlength=\"400\" class=\"wpcf7-form-control wpcf7-text\" aria-invalid=\"false\" value=\"\" type=\"text\" name=\"your-subject\" \/><\/span> <\/label>\n<\/p>\n<p><label> Your Message<br \/>\n<span class=\"wpcf7-form-control-wrap\" data-name=\"your-message\"><textarea cols=\"40\" rows=\"10\" maxlength=\"2000\" class=\"wpcf7-form-control wpcf7-textarea\" aria-invalid=\"false\" name=\"your-message\"><\/textarea><\/span> <\/label>\n<\/p>\n<p><input class=\"wpcf7-form-control wpcf7-submit has-spinner\" type=\"submit\" value=\"Send\" \/>\n<\/p><div class=\"wpcf7-response-output\" aria-hidden=\"true\"><\/div>\n<\/form>\n<\/div>\n\n<\/div><\/section>\n","protected":false},"excerpt":{"rendered":"","protected":false},"author":1,"featured_media":0,"parent":0,"menu_order":4,"comment_status":"closed","ping_status":"closed","template":"","meta":{"footnotes":""},"class_list":["post-528","page","type-page","status-publish","hentry"],"_links":{"self":[{"href":"https:\/\/bridge2careers.org\/spanish\/wp-json\/wp\/v2\/pages\/528","targetHints":{"allow":["GET"]}}],"collection":[{"href":"https:\/\/bridge2careers.org\/spanish\/wp-json\/wp\/v2\/pages"}],"about":[{"href":"https:\/\/bridge2careers.org\/spanish\/wp-json\/wp\/v2\/types\/page"}],"author":[{"embeddable":true,"href":"https:\/\/bridge2careers.org\/spanish\/wp-json\/wp\/v2\/users\/1"}],"replies":[{"embeddable":true,"href":"https:\/\/bridge2careers.org\/spanish\/wp-json\/wp\/v2\/comments?post=528"}],"version-history":[{"count":9,"href":"https:\/\/bridge2careers.org\/spanish\/wp-json\/wp\/v2\/pages\/528\/revisions"}],"predecessor-version":[{"id":1101,"href":"https:\/\/bridge2careers.org\/spanish\/wp-json\/wp\/v2\/pages\/528\/revisions\/1101"}],"wp:attachment":[{"href":"https:\/\/bridge2careers.org\/spanish\/wp-json\/wp\/v2\/media?parent=528"}],"curies":[{"name":"wp","href":"https:\/\/api.w.org\/{rel}","templated":true}]}}