{"id":352,"date":"2015-10-21T12:34:01","date_gmt":"2015-10-21T12:34:01","guid":{"rendered":"http:\/\/test.kriesi.at\/construction\/?page_id=31"},"modified":"2021-12-20T06:17:03","modified_gmt":"2021-12-20T14:17:03","slug":"acerca-de-nosotros","status":"publish","type":"page","link":"https:\/\/bridge2careers.org\/spanish\/acerca-de-nosotros\/","title":{"rendered":"Acerca de Nosotros"},"content":{"rendered":"<div id='full_slider_1'  class='avia-fullwidth-slider main_color avia-shadow   avia-builder-el-0  el_before_av_section  avia-builder-el-first   container_wrap sidebar_right'  ><div  class='avia-slideshow av-o0fjn-3825d2bc6d907c88577bf9f218798d50 avia-slideshow-no scaling av_slideshow_full avia-fade-slider av-slideshow-ui av-control-hidden av-no-slider-navigation av-hide-nav-arrows av-slideshow-autoplay av-loop-endless av-loop-manual-endless av-default-height-applied   avia-slideshow-1' data-slideshow-options=\"{&quot;animation&quot;:&quot;fade&quot;,&quot;autoplay&quot;:true,&quot;loop_autoplay&quot;:&quot;endless&quot;,&quot;interval&quot;:5,&quot;loop_manual&quot;:&quot;manual-endless&quot;,&quot;autoplay_stopper&quot;:false,&quot;noNavigation&quot;:true,&quot;bg_slider&quot;:false,&quot;keep_padding&quot;:false,&quot;hoverpause&quot;:false,&quot;show_slide_delay&quot;:0}\"  itemprop=\"image\" itemscope=\"itemscope\" itemtype=\"https:\/\/schema.org\/ImageObject\" ><ul class='avia-slideshow-inner ' style='padding-bottom: 42%;'><li  class='avia-slideshow-slide av-o0fjn-3825d2bc6d907c88577bf9f218798d50__0  av-single-slide slide-1 slide-odd'><div data-rel='slideshow-1' class='avia-slide-wrap '   ><img decoding=\"async\" class=\"wp-image-771 avia-img-lazy-loading-not-771\"  src=\"https:\/\/bridge2careers.org\/spanish\/wp-content\/uploads\/sites\/4\/sites\/4\/2019\/04\/NMTT-About-Photo-1.jpg\" width=\"1500\" height=\"630\" title='NMTT-About-Photo' alt=''  itemprop=\"thumbnailUrl\" srcset=\"https:\/\/bridge2careers.org\/spanish\/wp-content\/uploads\/sites\/4\/sites\/4\/2019\/04\/NMTT-About-Photo-1.jpg 1500w, https:\/\/bridge2careers.org\/spanish\/wp-content\/uploads\/sites\/4\/sites\/4\/2019\/04\/NMTT-About-Photo-1-300x126.jpg 300w, https:\/\/bridge2careers.org\/spanish\/wp-content\/uploads\/sites\/4\/sites\/4\/2019\/04\/NMTT-About-Photo-1-768x323.jpg 768w, https:\/\/bridge2careers.org\/spanish\/wp-content\/uploads\/sites\/4\/sites\/4\/2019\/04\/NMTT-About-Photo-1-1024x430.jpg 1024w, https:\/\/bridge2careers.org\/spanish\/wp-content\/uploads\/sites\/4\/sites\/4\/2019\/04\/NMTT-About-Photo-1-705x296.jpg 705w, https:\/\/bridge2careers.org\/spanish\/wp-content\/uploads\/sites\/4\/sites\/4\/2019\/04\/NMTT-About-Photo-1-450x189.jpg 450w\" sizes=\"(max-width: 1500px) 100vw, 1500px\" \/><\/div><\/li><\/ul><\/div><\/div>\n<div id='av_section_1'  class='avia-section av-maelj-1bdafe142ec613af4e627a8ba19c3cdc main_color avia-section-large avia-no-border-styling  avia-builder-el-1  el_after_av_slideshow_full  avia-builder-el-last  avia-bg-style-scroll container_wrap sidebar_right'  ><div class='container av-section-cont-open' ><div class='template-page content  av-content-small alpha units'><div class='post-entry post-entry-type-page post-entry-352'><div class='entry-content-wrapper clearfix'>\n\n<style type=\"text\/css\" data-created_by=\"avia_inline_auto\" id=\"style-css-av-kaimvw8n-2d748ddba4ae3f25d0c49b176dd3d920\">\n#top .av-special-heading.av-kaimvw8n-2d748ddba4ae3f25d0c49b176dd3d920{\npadding-bottom:0;\n}\nbody .av-special-heading.av-kaimvw8n-2d748ddba4ae3f25d0c49b176dd3d920 .av-special-heading-tag .heading-char{\nfont-size:25px;\n}\n.av-special-heading.av-kaimvw8n-2d748ddba4ae3f25d0c49b176dd3d920 .av-subheading{\nfont-size:15px;\n}\n<\/style>\n<div  class='av-special-heading av-kaimvw8n-2d748ddba4ae3f25d0c49b176dd3d920 av-special-heading-h2 blockquote modern-quote modern-centered  avia-builder-el-2  el_before_av_hr  avia-builder-el-first  av-linked-heading'><h2 class='av-special-heading-tag'  itemprop=\"headline\"  >Construyendo Bridge2Careers<\/h2><div class=\"special-heading-border\"><div class=\"special-heading-inner-border\"><\/div><\/div><\/div>\n\n<style type=\"text\/css\" data-created_by=\"avia_inline_auto\" id=\"style-css-av-l4urj-f84a7b2612986dc2bb87c4c54b7e3d43\">\n#top .hr.av-l4urj-f84a7b2612986dc2bb87c4c54b7e3d43{\nmargin-top:5px;\nmargin-bottom:75px;\n}\n.hr.av-l4urj-f84a7b2612986dc2bb87c4c54b7e3d43 .hr-inner{\nwidth:50px;\nborder-color:#efbb20;\n}\n<\/style>\n<div  class='hr av-l4urj-f84a7b2612986dc2bb87c4c54b7e3d43 hr-custom  avia-builder-el-3  el_after_av_heading  el_before_av_textblock  hr-center hr-icon-no'><span class='hr-inner inner-border-av-border-fat'><span class=\"hr-inner-style\"><\/span><\/span><\/div>\n<section  class='av_textblock_section av-c1pdf-c3de2e7286f651574dc12ae98d0fa1c1 '   itemscope=\"itemscope\" itemtype=\"https:\/\/schema.org\/CreativeWork\" ><div class='avia_textblock'  itemprop=\"text\" ><p>Para desarrollar el talento laboral calificado y preparado que nuestra comunidad necesita, conectamos todos los sistemas que permiten a nuestra gente estar preparados y listos para carreras de mediana y alta calificaci\u00f3n en industrias espec\u00edficas vitales para el desarrollo econ\u00f3mico.<\/p>\n<p>Nuestra gente es nuestro mayor activo, y el papel de Bridge2Careers es proporcionar acceso a una gran cantidad de recursos para ayudar a los estudiantes, padres, maestros y miembros de la comunidad empresarial a conocer sus opciones a medida que se convierten en participantes activos en el talento de la fuerza laboral en desarrollo.<\/p>\n<p>Bridge2Careers es un proyecto de The Bridge of Southern New Mexico y Workforce Talent Collaborative. The Bridge lidera las conversaciones que est\u00e1n impulsando el \u00e9xito educativo y econ\u00f3mico para los j\u00f3venes al comprender que el \u00e9xito de los estudiantes puede suceder en muchos niveles: graduaci\u00f3n de la escuela secundaria, certificaci\u00f3n de carrera y t\u00edtulos universitarios.<\/p>\n<p>Esta innovadora colaboraci\u00f3n dirigida por los negocios une a los principales l\u00edderes educativos del Condado de Do\u00f1a Ana (los distritos escolares Las Cruces, Gadsden y Hatch, Do\u00f1a Ana Community College, New Mexico State University y Burrell College of Osteopathic Medicine) con los l\u00edderes de negocios, de desarrollo econ\u00f3mico y del gobierno para que literalmente colman las brechas de habilidades y conocimientos entre la educaci\u00f3n y la preparaci\u00f3n profesional para los estudiantes.<\/p>\n<p>Desde su fundaci\u00f3n en 2009, hemos tratado de ayudar a los j\u00f3venes a cruzar cada l\u00ednea de meta en sus viajes acad\u00e9micos individuales, porque cuando ellos ganan, todos ganamos. Mientras m\u00e1s j\u00f3venes altamente capacitados y preparados para la carrera se involucren en el emprendimiento y el empleo en sus comunidades, mejor equipados estar\u00e1n para construir familias y futuros s\u00f3lidos, al mismo tiempo impulsaran el crecimiento y el desarrollo de industrias pr\u00f3speras en esta \u00e1rea y en todo el estado.<\/p>\n<p><span style=\"font-size: large;\">Para obtener m\u00e1s informaci\u00f3n sobre The Bridge y el primer enfoque integral del estado para el desarrollo del talento laboral alineado con los objetivos de desarrollo econ\u00f3mico, <a href=\"http:\/\/thebridgeofsnm.org\/how-we-do-it\/workforce-development\/\" target=\"_blank\" rel=\"noopener\">haga clic aqu\u00ed.<\/a>.<\/span><\/p>\n<\/div><\/section>\n<\/div><\/div><\/div><!-- close content main div --><\/div><\/div><div id='after_section_1'  class='main_color av_default_container_wrap container_wrap sidebar_right'  ><div class='container av-section-cont-open' ><div class='template-page content  av-content-small alpha units'><div class='post-entry post-entry-type-page post-entry-352'><div class='entry-content-wrapper clearfix'>\n","protected":false},"excerpt":{"rendered":"","protected":false},"author":1,"featured_media":0,"parent":0,"menu_order":1,"comment_status":"closed","ping_status":"closed","template":"","meta":{"footnotes":""},"class_list":["post-352","page","type-page","status-publish","hentry"],"_links":{"self":[{"href":"https:\/\/bridge2careers.org\/spanish\/wp-json\/wp\/v2\/pages\/352","targetHints":{"allow":["GET"]}}],"collection":[{"href":"https:\/\/bridge2careers.org\/spanish\/wp-json\/wp\/v2\/pages"}],"about":[{"href":"https:\/\/bridge2careers.org\/spanish\/wp-json\/wp\/v2\/types\/page"}],"author":[{"embeddable":true,"href":"https:\/\/bridge2careers.org\/spanish\/wp-json\/wp\/v2\/users\/1"}],"replies":[{"embeddable":true,"href":"https:\/\/bridge2careers.org\/spanish\/wp-json\/wp\/v2\/comments?post=352"}],"version-history":[{"count":5,"href":"https:\/\/bridge2careers.org\/spanish\/wp-json\/wp\/v2\/pages\/352\/revisions"}],"predecessor-version":[{"id":1153,"href":"https:\/\/bridge2careers.org\/spanish\/wp-json\/wp\/v2\/pages\/352\/revisions\/1153"}],"wp:attachment":[{"href":"https:\/\/bridge2careers.org\/spanish\/wp-json\/wp\/v2\/media?parent=352"}],"curies":[{"name":"wp","href":"https:\/\/api.w.org\/{rel}","templated":true}]}}