{"id":351,"date":"2015-10-15T15:32:49","date_gmt":"2015-10-15T15:32:49","guid":{"rendered":"http:\/\/wpoffice\/construction\/?page_id=25"},"modified":"2020-05-22T13:10:22","modified_gmt":"2020-05-22T20:10:22","slug":"explorando-su-ruta","status":"publish","type":"page","link":"https:\/\/bridge2careers.org\/spanish\/explorando-su-ruta\/","title":{"rendered":"Explorando Su Ruta"},"content":{"rendered":"\n<style type=\"text\/css\" data-created_by=\"avia_inline_auto\" id=\"style-css-av-jr6zjyv2-34a362e03a9aac6f114fadede361590f\">\n#top .av_textblock_section.av-jr6zjyv2-34a362e03a9aac6f114fadede361590f .avia_textblock{\nfont-size:18px;\ncolor:#f79721;\n}\n<\/style>\n<section  class='av_textblock_section av-jr6zjyv2-34a362e03a9aac6f114fadede361590f '   itemscope=\"itemscope\" itemtype=\"https:\/\/schema.org\/CreativeWork\" ><div class='av-desktop-hide avia_textblock av_inherit_color'  itemprop=\"text\" ><p><strong>\u00a1Agrege esta pagina a la pantalla de inicio en su tel\u00e9fono!<\/p>\n<p>Androids toquen el bot\u00f3n que surge de pronto.<\/p>\n<p>iPhones toquen el boton de \u201ccompartir\u201d en la parte inferior de su pantalla, despues escojan \u201cagregar a pagina de inicio\u201d.<\/strong><\/p>\n<\/div><\/section>\n\n<style type=\"text\/css\" data-created_by=\"avia_inline_auto\" id=\"style-css-av-av_heading-63ca2aa75c64238a0427a8e225ad6a76\">\n#top .av-special-heading.av-av_heading-63ca2aa75c64238a0427a8e225ad6a76{\npadding-bottom:0;\n}\nbody .av-special-heading.av-av_heading-63ca2aa75c64238a0427a8e225ad6a76 .av-special-heading-tag .heading-char{\nfont-size:25px;\n}\n.av-special-heading.av-av_heading-63ca2aa75c64238a0427a8e225ad6a76 .av-subheading{\nfont-size:15px;\n}\n<\/style>\n<div  class='av-special-heading av-av_heading-63ca2aa75c64238a0427a8e225ad6a76 av-special-heading-h2 blockquote modern-quote modern-centered  avia-builder-el-1  el_after_av_textblock  el_before_av_hr '><h2 class='av-special-heading-tag'  itemprop=\"headline\"  >Explorando Su Ruta<\/h2><div class=\"special-heading-border\"><div class=\"special-heading-inner-border\"><\/div><\/div><\/div>\n\n<style type=\"text\/css\" data-created_by=\"avia_inline_auto\" id=\"style-css-av-isvm1-8baad8244f810bc6c80971dd5de4855c\">\n#top .hr.av-isvm1-8baad8244f810bc6c80971dd5de4855c{\nmargin-top:5px;\nmargin-bottom:35px;\n}\n.hr.av-isvm1-8baad8244f810bc6c80971dd5de4855c .hr-inner{\nwidth:50px;\nborder-color:#efbb20;\n}\n<\/style>\n<div  class='hr av-isvm1-8baad8244f810bc6c80971dd5de4855c hr-custom  avia-builder-el-2  el_after_av_heading  el_before_av_textblock  hr-center hr-icon-no'><span class='hr-inner inner-border-av-border-fat'><span class=\"hr-inner-style\"><\/span><\/span><\/div>\n<section  class='av_textblock_section av-jr5womy6-2a17088bd287d7bd3f508aa4349ba079 '   itemscope=\"itemscope\" itemtype=\"https:\/\/schema.org\/CreativeWork\" ><div class='avia_textblock'  itemprop=\"text\" ><p>\u00a1Usted tiene el poder y los recursos para convertirse en el mejor y m\u00e1s calificado New Mexico True Talent (Talento verdadero de Nuevo M\u00e9xico)! Lo invitamos a explorar este conjunto incomparable de recursos gratuitos en l\u00ednea para ayudarlo a construir y navegar su propio plan de la escuela, a la universidad y hacia su carrera.<\/p>\n<\/div><\/section>\n\n<style type=\"text\/css\" data-created_by=\"avia_inline_auto\" id=\"style-css-av-i66y1-aa951d9d067a0d09652917bea6f544b6\">\n.flex_column.av-i66y1-aa951d9d067a0d09652917bea6f544b6{\n-webkit-border-radius:0px 0px 0px 0px;\n-moz-border-radius:0px 0px 0px 0px;\nborder-radius:0px 0px 0px 0px;\npadding:0px 0px 0px 0px;\n}\n<\/style>\n<div  class='flex_column av-i66y1-aa951d9d067a0d09652917bea6f544b6 av_one_half  avia-builder-el-4  el_after_av_textblock  el_before_av_one_half  first flex_column_div av-animated-generic bottom-to-top av-zero-column-padding  column-top-margin'     ><p>\n<style type=\"text\/css\" data-created_by=\"avia_inline_auto\" id=\"style-css-av-6ekp-2fd4b8f6804720a3bfb7342d7e54034d\">\n.avia-image-container.av-6ekp-2fd4b8f6804720a3bfb7342d7e54034d img.avia_image{\nbox-shadow:none;\n}\n.avia-image-container.av-6ekp-2fd4b8f6804720a3bfb7342d7e54034d .av-image-caption-overlay-center{\ncolor:#ffffff;\n}\n<\/style>\n<div  class='avia-image-container av-6ekp-2fd4b8f6804720a3bfb7342d7e54034d av-styling-no-styling avia-align-center  avia-builder-el-5  el_before_av_heading  avia-builder-el-first '   itemprop=\"image\" itemscope=\"itemscope\" itemtype=\"https:\/\/schema.org\/ImageObject\" ><div class=\"avia-image-container-inner\"><div class=\"avia-image-overlay-wrap\"><a href=\"https:\/\/bridge2careers.org\/spanish\/explorando-su-ruta\/estudiantes\/\" class='avia_image' ><img decoding=\"async\" class='wp-image-755 avia-img-lazy-loading-not-755 avia_image ' src=\"https:\/\/bridge2careers.org\/spanish\/wp-content\/uploads\/sites\/4\/sites\/4\/2019\/04\/NMTT-Students-Photo-1.jpg\" alt='' title=''  height=\"416\" width=\"990\"  itemprop=\"thumbnailUrl\" srcset=\"https:\/\/bridge2careers.org\/spanish\/wp-content\/uploads\/sites\/4\/sites\/4\/2019\/04\/NMTT-Students-Photo-1.jpg 990w, https:\/\/bridge2careers.org\/spanish\/wp-content\/uploads\/sites\/4\/sites\/4\/2019\/04\/NMTT-Students-Photo-1-300x126.jpg 300w, https:\/\/bridge2careers.org\/spanish\/wp-content\/uploads\/sites\/4\/sites\/4\/2019\/04\/NMTT-Students-Photo-1-768x323.jpg 768w, https:\/\/bridge2careers.org\/spanish\/wp-content\/uploads\/sites\/4\/sites\/4\/2019\/04\/NMTT-Students-Photo-1-705x296.jpg 705w, https:\/\/bridge2careers.org\/spanish\/wp-content\/uploads\/sites\/4\/sites\/4\/2019\/04\/NMTT-Students-Photo-1-450x189.jpg 450w\" sizes=\"(max-width: 990px) 100vw, 990px\" \/><\/a><\/div><\/div><\/div><br \/>\n\n<style type=\"text\/css\" data-created_by=\"avia_inline_auto\" id=\"style-css-av-qhh47-38ecaff1e3499c22860f646e9aa109cb\">\n#top .av-special-heading.av-qhh47-38ecaff1e3499c22860f646e9aa109cb{\npadding-bottom:0;\n}\nbody .av-special-heading.av-qhh47-38ecaff1e3499c22860f646e9aa109cb .av-special-heading-tag .heading-char{\nfont-size:25px;\n}\n.av-special-heading.av-qhh47-38ecaff1e3499c22860f646e9aa109cb .av-subheading{\nfont-size:15px;\n}\n<\/style>\n<div  class='av-special-heading av-qhh47-38ecaff1e3499c22860f646e9aa109cb av-special-heading-h3 blockquote modern-quote  avia-builder-el-6  el_after_av_image  el_before_av_hr  av-linked-heading'><h3 class='av-special-heading-tag'  itemprop=\"headline\"  ><a class=\"av-heading-link\" href=\"https:\/\/bridge2careers.org\/spanish\/explorando-su-ruta\/estudiantes\/\">Recursos para los Estudiantes<\/a><\/h3><div class=\"special-heading-border\"><div class=\"special-heading-inner-border\"><\/div><\/div><\/div><br \/>\n\n<style type=\"text\/css\" data-created_by=\"avia_inline_auto\" id=\"style-css-av-gbl6l-aad7c8271d6878b64f4a67cc39051083\">\n#top .hr.av-gbl6l-aad7c8271d6878b64f4a67cc39051083{\nmargin-top:10px;\nmargin-bottom:10px;\n}\n.hr.av-gbl6l-aad7c8271d6878b64f4a67cc39051083 .hr-inner{\nwidth:50px;\nborder-color:#efbb20;\n}\n<\/style>\n<div  class='hr av-gbl6l-aad7c8271d6878b64f4a67cc39051083 hr-custom  avia-builder-el-7  el_after_av_heading  avia-builder-el-last  hr-left hr-icon-no'><span class='hr-inner inner-border-av-border-fat'><span class=\"hr-inner-style\"><\/span><\/span><\/div><\/p><\/div>\n\n<style type=\"text\/css\" data-created_by=\"avia_inline_auto\" id=\"style-css-av-f6rtd-b3018d71bcc0c97a82b896da55724d9e\">\n.flex_column.av-f6rtd-b3018d71bcc0c97a82b896da55724d9e{\n-webkit-border-radius:0px 0px 0px 0px;\n-moz-border-radius:0px 0px 0px 0px;\nborder-radius:0px 0px 0px 0px;\npadding:0px 0px 0px 0px;\n}\n<\/style>\n<div  class='flex_column av-f6rtd-b3018d71bcc0c97a82b896da55724d9e av_one_half  avia-builder-el-8  el_after_av_one_half  el_before_av_one_half  flex_column_div av-animated-generic bottom-to-top av-zero-column-padding  column-top-margin'     ><p>\n<style type=\"text\/css\" data-created_by=\"avia_inline_auto\" id=\"style-css-av-ejeax-a92231be8f8af3fae8e2a0975f66d196\">\n.avia-image-container.av-ejeax-a92231be8f8af3fae8e2a0975f66d196 img.avia_image{\nbox-shadow:none;\n}\n.avia-image-container.av-ejeax-a92231be8f8af3fae8e2a0975f66d196 .av-image-caption-overlay-center{\ncolor:#ffffff;\n}\n<\/style>\n<div  class='avia-image-container av-ejeax-a92231be8f8af3fae8e2a0975f66d196 av-styling-no-styling avia-align-center  avia-builder-el-9  el_before_av_heading  avia-builder-el-first '   itemprop=\"image\" itemscope=\"itemscope\" itemtype=\"https:\/\/schema.org\/ImageObject\" ><div class=\"avia-image-container-inner\"><div class=\"avia-image-overlay-wrap\"><a href=\"https:\/\/bridge2careers.org\/spanish\/explorando-su-ruta\/padres-de-familia\/\" class='avia_image' ><img decoding=\"async\" class='wp-image-757 avia-img-lazy-loading-not-757 avia_image ' src=\"https:\/\/bridge2careers.org\/spanish\/wp-content\/uploads\/sites\/4\/sites\/4\/2019\/04\/NMTT-Parents-Photo-1.jpg\" alt='' title=''  height=\"416\" width=\"990\"  itemprop=\"thumbnailUrl\" srcset=\"https:\/\/bridge2careers.org\/spanish\/wp-content\/uploads\/sites\/4\/sites\/4\/2019\/04\/NMTT-Parents-Photo-1.jpg 990w, https:\/\/bridge2careers.org\/spanish\/wp-content\/uploads\/sites\/4\/sites\/4\/2019\/04\/NMTT-Parents-Photo-1-300x126.jpg 300w, https:\/\/bridge2careers.org\/spanish\/wp-content\/uploads\/sites\/4\/sites\/4\/2019\/04\/NMTT-Parents-Photo-1-768x323.jpg 768w, https:\/\/bridge2careers.org\/spanish\/wp-content\/uploads\/sites\/4\/sites\/4\/2019\/04\/NMTT-Parents-Photo-1-705x296.jpg 705w, https:\/\/bridge2careers.org\/spanish\/wp-content\/uploads\/sites\/4\/sites\/4\/2019\/04\/NMTT-Parents-Photo-1-450x189.jpg 450w\" sizes=\"(max-width: 990px) 100vw, 990px\" \/><\/a><\/div><\/div><\/div><br \/>\n\n<style type=\"text\/css\" data-created_by=\"avia_inline_auto\" id=\"style-css-av-nf09j-373d0b73e0e14d32595259a25cea3183\">\n#top .av-special-heading.av-nf09j-373d0b73e0e14d32595259a25cea3183{\npadding-bottom:0;\n}\nbody .av-special-heading.av-nf09j-373d0b73e0e14d32595259a25cea3183 .av-special-heading-tag .heading-char{\nfont-size:25px;\n}\n.av-special-heading.av-nf09j-373d0b73e0e14d32595259a25cea3183 .av-subheading{\nfont-size:15px;\n}\n<\/style>\n<div  class='av-special-heading av-nf09j-373d0b73e0e14d32595259a25cea3183 av-special-heading-h3 blockquote modern-quote  avia-builder-el-10  el_after_av_image  el_before_av_hr  av-linked-heading'><h3 class='av-special-heading-tag'  itemprop=\"headline\"  ><a class=\"av-heading-link\" href=\"https:\/\/bridge2careers.org\/spanish\/explorando-su-ruta\/padres-de-familia\/\">Recursos para los Padres de Familia<\/a><\/h3><div class=\"special-heading-border\"><div class=\"special-heading-inner-border\"><\/div><\/div><\/div><br \/>\n\n<style type=\"text\/css\" data-created_by=\"avia_inline_auto\" id=\"style-css-av-dkkr5-7b1d93abcb73983c0b42de4fc197dbca\">\n#top .hr.av-dkkr5-7b1d93abcb73983c0b42de4fc197dbca{\nmargin-top:10px;\nmargin-bottom:10px;\n}\n.hr.av-dkkr5-7b1d93abcb73983c0b42de4fc197dbca .hr-inner{\nwidth:50px;\nborder-color:#efbb20;\n}\n<\/style>\n<div  class='hr av-dkkr5-7b1d93abcb73983c0b42de4fc197dbca hr-custom  avia-builder-el-11  el_after_av_heading  avia-builder-el-last  hr-left hr-icon-no'><span class='hr-inner inner-border-av-border-fat'><span class=\"hr-inner-style\"><\/span><\/span><\/div><\/p><\/div>\n\n<style type=\"text\/css\" data-created_by=\"avia_inline_auto\" id=\"style-css-av-cczxd-2158436d556c93af4023da0340aa4ff1\">\n.flex_column.av-cczxd-2158436d556c93af4023da0340aa4ff1{\n-webkit-border-radius:0px 0px 0px 0px;\n-moz-border-radius:0px 0px 0px 0px;\nborder-radius:0px 0px 0px 0px;\npadding:0px 0px 0px 0px;\n}\n<\/style>\n<div  class='flex_column av-cczxd-2158436d556c93af4023da0340aa4ff1 av_one_half  avia-builder-el-12  el_after_av_one_half  el_before_av_one_half  first flex_column_div av-animated-generic bottom-to-top av-zero-column-padding  column-top-margin'     ><p>\n<style type=\"text\/css\" data-created_by=\"avia_inline_auto\" id=\"style-css-av-broy9-f7f265fff5bd6e8d2ad67ff047ed6c3b\">\n.avia-image-container.av-broy9-f7f265fff5bd6e8d2ad67ff047ed6c3b img.avia_image{\nbox-shadow:none;\n}\n.avia-image-container.av-broy9-f7f265fff5bd6e8d2ad67ff047ed6c3b .av-image-caption-overlay-center{\ncolor:#ffffff;\n}\n<\/style>\n<div  class='avia-image-container av-broy9-f7f265fff5bd6e8d2ad67ff047ed6c3b av-styling-no-styling avia-align-center  avia-builder-el-13  el_before_av_heading  avia-builder-el-first '   itemprop=\"image\" itemscope=\"itemscope\" itemtype=\"https:\/\/schema.org\/ImageObject\" ><div class=\"avia-image-container-inner\"><div class=\"avia-image-overlay-wrap\"><a href=\"https:\/\/bridge2careers.org\/spanish\/explorando-su-ruta\/maestros\/\" class='avia_image' ><img decoding=\"async\" class='wp-image-759 avia-img-lazy-loading-not-759 avia_image ' src=\"https:\/\/bridge2careers.org\/spanish\/wp-content\/uploads\/sites\/4\/sites\/4\/2019\/04\/NMTT-Teachers-Photo-1.jpg\" alt='' title=''  height=\"416\" width=\"990\"  itemprop=\"thumbnailUrl\" srcset=\"https:\/\/bridge2careers.org\/spanish\/wp-content\/uploads\/sites\/4\/sites\/4\/2019\/04\/NMTT-Teachers-Photo-1.jpg 990w, https:\/\/bridge2careers.org\/spanish\/wp-content\/uploads\/sites\/4\/sites\/4\/2019\/04\/NMTT-Teachers-Photo-1-300x126.jpg 300w, https:\/\/bridge2careers.org\/spanish\/wp-content\/uploads\/sites\/4\/sites\/4\/2019\/04\/NMTT-Teachers-Photo-1-768x323.jpg 768w, https:\/\/bridge2careers.org\/spanish\/wp-content\/uploads\/sites\/4\/sites\/4\/2019\/04\/NMTT-Teachers-Photo-1-705x296.jpg 705w, https:\/\/bridge2careers.org\/spanish\/wp-content\/uploads\/sites\/4\/sites\/4\/2019\/04\/NMTT-Teachers-Photo-1-450x189.jpg 450w\" sizes=\"(max-width: 990px) 100vw, 990px\" \/><\/a><\/div><\/div><\/div><br \/>\n\n<style type=\"text\/css\" data-created_by=\"avia_inline_auto\" id=\"style-css-av-didj3-7824777d993be5e861ebc7b2d8ca987c\">\n#top .av-special-heading.av-didj3-7824777d993be5e861ebc7b2d8ca987c{\npadding-bottom:0;\n}\nbody .av-special-heading.av-didj3-7824777d993be5e861ebc7b2d8ca987c .av-special-heading-tag .heading-char{\nfont-size:25px;\n}\n.av-special-heading.av-didj3-7824777d993be5e861ebc7b2d8ca987c .av-subheading{\nfont-size:15px;\n}\n<\/style>\n<div  class='av-special-heading av-didj3-7824777d993be5e861ebc7b2d8ca987c av-special-heading-h3 blockquote modern-quote  avia-builder-el-14  el_after_av_image  el_before_av_hr  av-linked-heading'><h3 class='av-special-heading-tag'  itemprop=\"headline\"  ><a class=\"av-heading-link\" href=\"https:\/\/bridge2careers.org\/spanish\/explorando-su-ruta\/maestros\/\">Recursos para Maestros<\/a><\/h3><div class=\"special-heading-border\"><div class=\"special-heading-inner-border\"><\/div><\/div><\/div><br \/>\n\n<style type=\"text\/css\" data-created_by=\"avia_inline_auto\" id=\"style-css-av-apn75-dd96e36a60369122b54e71a7fc73f2b9\">\n#top .hr.av-apn75-dd96e36a60369122b54e71a7fc73f2b9{\nmargin-top:10px;\nmargin-bottom:10px;\n}\n.hr.av-apn75-dd96e36a60369122b54e71a7fc73f2b9 .hr-inner{\nwidth:50px;\nborder-color:#efbb20;\n}\n<\/style>\n<div  class='hr av-apn75-dd96e36a60369122b54e71a7fc73f2b9 hr-custom  avia-builder-el-15  el_after_av_heading  avia-builder-el-last  hr-left hr-icon-no'><span class='hr-inner inner-border-av-border-fat'><span class=\"hr-inner-style\"><\/span><\/span><\/div><\/p><\/div>\n\n<style type=\"text\/css\" data-created_by=\"avia_inline_auto\" id=\"style-css-av-90ah9-5a67ec13e3c654f9a2396fb6e1eaa589\">\n.flex_column.av-90ah9-5a67ec13e3c654f9a2396fb6e1eaa589{\n-webkit-border-radius:0px 0px 0px 0px;\n-moz-border-radius:0px 0px 0px 0px;\nborder-radius:0px 0px 0px 0px;\npadding:0px 0px 0px 0px;\n}\n<\/style>\n<div  class='flex_column av-90ah9-5a67ec13e3c654f9a2396fb6e1eaa589 av_one_half  avia-builder-el-16  el_after_av_one_half  avia-builder-el-last  flex_column_div av-animated-generic bottom-to-top av-zero-column-padding  column-top-margin'     ><p>\n<style type=\"text\/css\" data-created_by=\"avia_inline_auto\" id=\"style-css-av-8lvkp-86176b447ffa02169ef0330d694b8842\">\n.avia-image-container.av-8lvkp-86176b447ffa02169ef0330d694b8842 img.avia_image{\nbox-shadow:none;\n}\n.avia-image-container.av-8lvkp-86176b447ffa02169ef0330d694b8842 .av-image-caption-overlay-center{\ncolor:#ffffff;\n}\n<\/style>\n<div  class='avia-image-container av-8lvkp-86176b447ffa02169ef0330d694b8842 av-styling-no-styling avia-align-center  avia-builder-el-17  el_before_av_heading  avia-builder-el-first '   itemprop=\"image\" itemscope=\"itemscope\" itemtype=\"https:\/\/schema.org\/ImageObject\" ><div class=\"avia-image-container-inner\"><div class=\"avia-image-overlay-wrap\"><a href=\"https:\/\/bridge2careers.org\/spanish\/explorando-su-ruta\/negocios\/\" class='avia_image' ><img decoding=\"async\" class='wp-image-760 avia-img-lazy-loading-not-760 avia_image ' src=\"https:\/\/bridge2careers.org\/spanish\/wp-content\/uploads\/sites\/4\/sites\/4\/2019\/04\/NMTT-Business-Photo-1.jpg\" alt='' title=''  height=\"416\" width=\"990\"  itemprop=\"thumbnailUrl\" srcset=\"https:\/\/bridge2careers.org\/spanish\/wp-content\/uploads\/sites\/4\/sites\/4\/2019\/04\/NMTT-Business-Photo-1.jpg 990w, https:\/\/bridge2careers.org\/spanish\/wp-content\/uploads\/sites\/4\/sites\/4\/2019\/04\/NMTT-Business-Photo-1-300x126.jpg 300w, https:\/\/bridge2careers.org\/spanish\/wp-content\/uploads\/sites\/4\/sites\/4\/2019\/04\/NMTT-Business-Photo-1-768x323.jpg 768w, https:\/\/bridge2careers.org\/spanish\/wp-content\/uploads\/sites\/4\/sites\/4\/2019\/04\/NMTT-Business-Photo-1-705x296.jpg 705w, https:\/\/bridge2careers.org\/spanish\/wp-content\/uploads\/sites\/4\/sites\/4\/2019\/04\/NMTT-Business-Photo-1-450x189.jpg 450w\" sizes=\"(max-width: 990px) 100vw, 990px\" \/><\/a><\/div><\/div><\/div><br \/>\n\n<style type=\"text\/css\" data-created_by=\"avia_inline_auto\" id=\"style-css-av-7hu07-9bde280ccc5f2e895627cadaadcf0e58\">\n#top .av-special-heading.av-7hu07-9bde280ccc5f2e895627cadaadcf0e58{\npadding-bottom:0;\n}\nbody .av-special-heading.av-7hu07-9bde280ccc5f2e895627cadaadcf0e58 .av-special-heading-tag .heading-char{\nfont-size:25px;\n}\n.av-special-heading.av-7hu07-9bde280ccc5f2e895627cadaadcf0e58 .av-subheading{\nfont-size:15px;\n}\n<\/style>\n<div  class='av-special-heading av-7hu07-9bde280ccc5f2e895627cadaadcf0e58 av-special-heading-h3 blockquote modern-quote  avia-builder-el-18  el_after_av_image  el_before_av_hr  av-linked-heading'><h3 class='av-special-heading-tag'  itemprop=\"headline\"  ><a class=\"av-heading-link\" href=\"https:\/\/bridge2careers.org\/spanish\/explorando-su-ruta\/maestros\/\">Recursos para Negocios<\/a><\/h3><div class=\"special-heading-border\"><div class=\"special-heading-inner-border\"><\/div><\/div><\/div><br \/>\n\n<style type=\"text\/css\" data-created_by=\"avia_inline_auto\" id=\"style-css-av-7pb9x-f52b3bf30c1391d545d06ca1a19c0c77\">\n#top .hr.av-7pb9x-f52b3bf30c1391d545d06ca1a19c0c77{\nmargin-top:10px;\nmargin-bottom:10px;\n}\n.hr.av-7pb9x-f52b3bf30c1391d545d06ca1a19c0c77 .hr-inner{\nwidth:50px;\nborder-color:#efbb20;\n}\n<\/style>\n<div  class='hr av-7pb9x-f52b3bf30c1391d545d06ca1a19c0c77 hr-custom  avia-builder-el-19  el_after_av_heading  avia-builder-el-last  hr-left hr-icon-no'><span class='hr-inner inner-border-av-border-fat'><span class=\"hr-inner-style\"><\/span><\/span><\/div><\/p><\/div>\n","protected":false},"excerpt":{"rendered":"","protected":false},"author":1,"featured_media":0,"parent":0,"menu_order":2,"comment_status":"closed","ping_status":"closed","template":"","meta":{"footnotes":""},"class_list":["post-351","page","type-page","status-publish","hentry"],"_links":{"self":[{"href":"https:\/\/bridge2careers.org\/spanish\/wp-json\/wp\/v2\/pages\/351","targetHints":{"allow":["GET"]}}],"collection":[{"href":"https:\/\/bridge2careers.org\/spanish\/wp-json\/wp\/v2\/pages"}],"about":[{"href":"https:\/\/bridge2careers.org\/spanish\/wp-json\/wp\/v2\/types\/page"}],"author":[{"embeddable":true,"href":"https:\/\/bridge2careers.org\/spanish\/wp-json\/wp\/v2\/users\/1"}],"replies":[{"embeddable":true,"href":"https:\/\/bridge2careers.org\/spanish\/wp-json\/wp\/v2\/comments?post=351"}],"version-history":[{"count":4,"href":"https:\/\/bridge2careers.org\/spanish\/wp-json\/wp\/v2\/pages\/351\/revisions"}],"predecessor-version":[{"id":1062,"href":"https:\/\/bridge2careers.org\/spanish\/wp-json\/wp\/v2\/pages\/351\/revisions\/1062"}],"wp:attachment":[{"href":"https:\/\/bridge2careers.org\/spanish\/wp-json\/wp\/v2\/media?parent=351"}],"curies":[{"name":"wp","href":"https:\/\/api.w.org\/{rel}","templated":true}]}}