{"id":340,"date":"2018-12-21T19:15:14","date_gmt":"2018-12-21T19:15:14","guid":{"rendered":"https:\/\/newmexicotruetalent.org\/spanish\/?page_id=340"},"modified":"2020-06-12T16:50:04","modified_gmt":"2020-06-12T23:50:04","slug":"maestros","status":"publish","type":"page","link":"https:\/\/bridge2careers.org\/spanish\/explorando-su-ruta\/maestros\/","title":{"rendered":"Recursos para Maestros"},"content":{"rendered":"\n<style type=\"text\/css\" data-created_by=\"avia_inline_auto\" id=\"style-css-av-jr75i2mh-0c99b790fa117b2c7b44fac11f3c8015\">\n#top .av_textblock_section.av-jr75i2mh-0c99b790fa117b2c7b44fac11f3c8015 .avia_textblock{\nfont-size:18px;\ncolor:#f79721;\n}\n<\/style>\n<section  class='av_textblock_section av-jr75i2mh-0c99b790fa117b2c7b44fac11f3c8015 '   itemscope=\"itemscope\" itemtype=\"https:\/\/schema.org\/CreativeWork\" ><div class='av-desktop-hide avia_textblock av_inherit_color'  itemprop=\"text\" ><p><strong>\u00a1Agrege esta pagina a la pantalla de inicio en su tel\u00e9fono!<\/strong><\/p>\n<p>Androids toquen el bot\u00f3n que surge de pronto.<\/p>\n<p><strong>iPhones toquen el boton de \u201ccompartir\u201d en la parte inferior de su pantalla, despues escojan \u201cagregar a pagina de inicio\u201d.<\/strong><\/p>\n<\/div><\/section>\n\n<style type=\"text\/css\" data-created_by=\"avia_inline_auto\" id=\"style-css-av-3cwspd-384ec85654117ca0300a2c5d3fe53a1e\">\n#top .flex_column.av-3cwspd-384ec85654117ca0300a2c5d3fe53a1e{\nmargin-top:0px;\nmargin-bottom:0px;\n}\n.flex_column.av-3cwspd-384ec85654117ca0300a2c5d3fe53a1e{\n-webkit-border-radius:0px 0px 0px 0px;\n-moz-border-radius:0px 0px 0px 0px;\nborder-radius:0px 0px 0px 0px;\npadding:0px 0px 0px 0px;\n}\n.responsive #top #wrap_all .flex_column.av-3cwspd-384ec85654117ca0300a2c5d3fe53a1e{\nmargin-top:0px;\nmargin-bottom:0px;\n}\n<\/style>\n<div  class='flex_column av-3cwspd-384ec85654117ca0300a2c5d3fe53a1e av_one_full  avia-builder-el-1  el_after_av_textblock  avia-builder-el-last  first flex_column_div av-animated-generic bottom-to-top av-zero-column-padding  column-top-margin'     ><p>\n<style type=\"text\/css\" data-created_by=\"avia_inline_auto\" id=\"style-css-av-jpyc2jij-7bb14628315af4b6ad83ae31b13b1944\">\n.avia-image-container.av-jpyc2jij-7bb14628315af4b6ad83ae31b13b1944 img.avia_image{\nbox-shadow:none;\n}\n.avia-image-container.av-jpyc2jij-7bb14628315af4b6ad83ae31b13b1944 .av-image-caption-overlay-center{\ncolor:#ffffff;\n}\n<\/style>\n<div  class='avia-image-container av-jpyc2jij-7bb14628315af4b6ad83ae31b13b1944 av-styling- avia-align-center  avia-builder-el-2  el_before_av_heading  avia-builder-el-first '   itemprop=\"image\" itemscope=\"itemscope\" itemtype=\"https:\/\/schema.org\/ImageObject\" ><div class=\"avia-image-container-inner\"><div class=\"avia-image-overlay-wrap\"><img decoding=\"async\" class='wp-image-759 avia-img-lazy-loading-not-759 avia_image ' src=\"https:\/\/bridge2careers.org\/spanish\/wp-content\/uploads\/sites\/4\/sites\/4\/2019\/04\/NMTT-Teachers-Photo-1.jpg\" alt='' title=''  height=\"416\" width=\"990\"  itemprop=\"thumbnailUrl\" srcset=\"https:\/\/bridge2careers.org\/spanish\/wp-content\/uploads\/sites\/4\/sites\/4\/2019\/04\/NMTT-Teachers-Photo-1.jpg 990w, https:\/\/bridge2careers.org\/spanish\/wp-content\/uploads\/sites\/4\/sites\/4\/2019\/04\/NMTT-Teachers-Photo-1-300x126.jpg 300w, https:\/\/bridge2careers.org\/spanish\/wp-content\/uploads\/sites\/4\/sites\/4\/2019\/04\/NMTT-Teachers-Photo-1-768x323.jpg 768w, https:\/\/bridge2careers.org\/spanish\/wp-content\/uploads\/sites\/4\/sites\/4\/2019\/04\/NMTT-Teachers-Photo-1-705x296.jpg 705w, https:\/\/bridge2careers.org\/spanish\/wp-content\/uploads\/sites\/4\/sites\/4\/2019\/04\/NMTT-Teachers-Photo-1-450x189.jpg 450w\" sizes=\"(max-width: 990px) 100vw, 990px\" \/><\/div><\/div><\/div><br \/>\n\n<style type=\"text\/css\" data-created_by=\"avia_inline_auto\" id=\"style-css-av-av_heading-0b94b0689b9a87cbf5375cbc251a9f8b\">\n#top .av-special-heading.av-av_heading-0b94b0689b9a87cbf5375cbc251a9f8b{\npadding-bottom:0;\n}\nbody .av-special-heading.av-av_heading-0b94b0689b9a87cbf5375cbc251a9f8b .av-special-heading-tag .heading-char{\nfont-size:25px;\n}\n.av-special-heading.av-av_heading-0b94b0689b9a87cbf5375cbc251a9f8b .av-subheading{\nfont-size:15px;\n}\n<\/style>\n<div  class='av-special-heading av-av_heading-0b94b0689b9a87cbf5375cbc251a9f8b av-special-heading-h2 blockquote modern-quote  avia-builder-el-3  el_after_av_image  el_before_av_hr '><h2 class='av-special-heading-tag'  itemprop=\"headline\"  >Recursos para Maestros<\/h2><div class=\"special-heading-border\"><div class=\"special-heading-inner-border\"><\/div><\/div><\/div><br \/>\n\n<style type=\"text\/css\" data-created_by=\"avia_inline_auto\" id=\"style-css-av-301elt-6af2ab138ad66bda024dd6952478e816\">\n#top .hr.av-301elt-6af2ab138ad66bda024dd6952478e816{\nmargin-top:10px;\nmargin-bottom:10px;\n}\n.hr.av-301elt-6af2ab138ad66bda024dd6952478e816 .hr-inner{\nwidth:50px;\nborder-color:#efbb20;\n}\n<\/style>\n<div  class='hr av-301elt-6af2ab138ad66bda024dd6952478e816 hr-custom  avia-builder-el-4  el_after_av_heading  el_before_av_textblock  hr-left hr-icon-no'><span class='hr-inner inner-border-av-border-fat'><span class=\"hr-inner-style\"><\/span><\/span><\/div><br \/>\n<section  class='av_textblock_section av-8wv0h-35dce70086b7b057a3e2267cb52045c8 '   itemscope=\"itemscope\" itemtype=\"https:\/\/schema.org\/CreativeWork\" ><div class='avia_textblock'  itemprop=\"text\" ><p>Ayude a sus estudiantes a navegar hacia un futuro mejor con estos recursos.<\/p>\n<\/div><\/section><br \/>\n<div  class='togglecontainer av-jpye6ys4-778ccbae5d2e0ab7601ec8b63acbeb86  avia-builder-el-6  el_after_av_textblock  el_before_av_textblock  toggle_close_all' >\n<section class='av_toggle_section av-av_toggle-c0924eafb7d0d916039afd28a6c3101c'  itemscope=\"itemscope\" itemtype=\"https:\/\/schema.org\/CreativeWork\" ><div role=\"tablist\" class=\"single_toggle\" data-tags=\"{All} \"  ><p data-fake-id='#toggle-id-1' class='toggler   '  itemprop=\"headline\"  role='tab' tabindex='0' aria-controls='toggle-id-1'>Herramienta y videos para la exploraci\u00f3n de carreras<span class=\"toggle_icon\"><span class=\"vert_icon\"><\/span><span class=\"hor_icon\"><\/span><\/span><\/p><div id='toggle-id-1' class='toggle_wrap  '  ><div class='toggle_content invers-color '  itemprop=\"text\" ><p><strong>*Los enlaces que se encuentran abajo podr\u00edan estar disponibles en espa\u00f1ol.<\/strong><\/p>\n<ul style=\"list-style-type: square;\">\n<li>\u00bfC\u00f3mo puedo conectar la instrucci\u00f3n con oportunidades profesionales reales en mi comunidad? <a href=\"http:\/\/www.careerpathways-nm.com\">http:\/\/www.careerpathways-nm.com<\/a><\/li>\n<li>\u00bfQu\u00e9 carreras podr\u00edan adaptarse mejor a sus estudiantes? <a href=\"https:\/\/www.nmcareersolutions.com\/vosnet\/Default.aspx\">https:\/\/www.nmcareersolutions.com\/vosnet\/Default.aspx<\/a><\/li>\n<li>\u00bfQuiere estar m\u00e1s informado para ayudar a sus estudiantes a tomar buenas decisiones sobre el futuro? Kevin Fleming ofrece una visi\u00f3n general sorprendente sobre el \u00c9xito en la nueva econom\u00eda: <a href=\"https:\/\/vimeo.com\/67277269\">https:\/\/vimeo.com\/67277269<\/a><\/li>\n<li>\u00bfPor qu\u00e9 deber\u00edan sus estudiantes comenzar la exploraci\u00f3n profesional mucho antes de elegir un colegio o universidad para tener \u00e9xito en el futuro? Kevin Fleming le ayuda a personas j\u00f3venes a pensar acerca de las 4 destrezas y los 4 pasos que le ayudar\u00e1n a pensar cual ser\u00eda el mejor sendero para avanzar hacia adelante: <a href=\"https:\/\/www.youtube.com\/watch?v=twWcxIfa2zo\">https:\/\/www.youtube.com\/watch?v=twWcxIfa2zo<\/a><\/li>\n<li>\u00bfC\u00f3mo me preparo para un trabajo en la industria del cine? <a href=\"http:\/\/www.filmlascruces.com\/get-a-job-in-film\/\" target=\"_blank\" rel=\"noopener noreferrer\">http:\/\/www.filmlascruces.com\/get-a-job-in-film\/<\/a><\/li>\n<li>Gracias a una maravillosa asociaci\u00f3n con KRWG, pudimos crear historias y paneles de expertos para discutir las oportunidades din\u00e1micas disponibles en varias de nuestras industrias clave:\n<ul>\n<li>Hay Muchas Oportunidades en el Cuidado de la Salud: <a href=\"https:\/\/www.krwg.org\/post\/fronteras-901-building-21st-century-workforce-healthcare\" target=\"_blank\" rel=\"noopener noreferrer\">https:\/\/www.krwg.org\/post\/fronteras-901-building-21st-century-workforce-healthcare<\/a><\/li>\n<li>El l\u00edmite es cielo en el sector aeroespacial: <a href=\"https:\/\/www.krwg.org\/post\/fronteras-902-building-21st-century-workforce-aerospace-industry\" target=\"_blank\" rel=\"noopener noreferrer\">https:\/\/www.krwg.org\/post\/fronteras-902-building-21st-century-workforce-aerospace-industry<\/a><\/li>\n<li>\u00bfPor qu\u00e9 es Importante una Carrera y la Educaci\u00f3n T\u00e9cnica? <a href=\"https:\/\/www.krwg.org\/post\/fronteras-903-building-21st-century-workforce-career-technical-education\" target=\"_blank\" rel=\"noopener noreferrer\">https:\/\/www.krwg.org\/post\/fronteras-903-building-21st-century-workforce-career-technical-education<\/a><\/li>\n<li>STEM es fundamental para la defensa nacional \u2013 White Sands Missile Range <a href=\"https:\/\/www.krwg.org\/post\/fronteras-904-building-21st-century-workforce-stem-skills\" target=\"_blank\" rel=\"noopener noreferrer\">https:\/\/www.krwg.org\/post\/fronteras-904-building-21st-century-workforce-stem-skills<\/a><\/li>\n<\/ul>\n<\/li>\n<\/ul>\n<\/div><\/div><\/div><\/section>\n<section class='av_toggle_section av-av_toggle-f906a8d77456fe3f861ce005e6c3d614'  itemscope=\"itemscope\" itemtype=\"https:\/\/schema.org\/CreativeWork\" ><div role=\"tablist\" class=\"single_toggle\" data-tags=\"{All} \"  ><p data-fake-id='#toggle-id-2' class='toggler   '  itemprop=\"headline\"  role='tab' tabindex='0' aria-controls='toggle-id-2'>Entendiendo las opciones educativas a nivel local y nacional<span class=\"toggle_icon\"><span class=\"vert_icon\"><\/span><span class=\"hor_icon\"><\/span><\/span><\/p><div id='toggle-id-2' class='toggle_wrap  '  ><div class='toggle_content invers-color '  itemprop=\"text\" ><p><strong>*Los enlaces que se encuentran abajo podr\u00edan estar disponibles en espa\u00f1ol.<\/strong><\/p>\n<ul style=\"list-style-type: square;\">\n<li>\u00bfQu\u00e9 cursos de carrera y capacitaci\u00f3n pueden ayudar a sus estudiantes conseguir un trabajo mejor remunerado? <a href=\"https:\/\/www.ed2go.com\/dacc\/\">https:\/\/www.ed2go.com\/dacc\/<\/a><\/li>\n<li>\u00bfCu\u00e1l es el mejor lugar para obtener la certificaci\u00f3n o el t\u00edtulo que necesitar\u00e1n sus estudiantes? <a href=\"https:\/\/collegescorecard.ed.gov\">https:\/\/collegescorecard.ed.gov<\/a><\/li>\n<li>Los estudiantes pueden obtener una ventaja inicial sobre la ayuda financiera completando la Solicitud gratuita de Federal Student Aid. Puede encontrar indicaciones y el formulario en l\u00ednea aqu\u00ed: <a href=\"https:\/\/dacc.nmsu.edu\/fa\/fafsa\/\">https:\/\/dacc.nmsu.edu\/fa\/fafsa\/<\/a><\/li>\n<li>Do\u00f1a Ana Community College (DACC) ofrece programas centrados en la carrera que van desde certificados hasta t\u00edtulos de asociado.\n<ul style=\"list-style-type: disc;\">\n<li>DACC tambi\u00e9n ofrece una \u00fatil herramienta de navegaci\u00f3n para su carrera: <a href=\"https:\/\/dacc.nmsu.edu\/admissions\/career-assessment\/\">https:\/\/dacc.nmsu.edu\/admissions\/career-assessment\/<\/a><\/li>\n<li>Entrenamientos espec\u00edficos de carreras y apoyos laborales a corto plazo: <a href=\"https:\/\/dacc.nmsu.edu\/ctp\/\">https:\/\/dacc.nmsu.edu\/ctp\/<\/a><\/li>\n<li>Certificados y t\u00edtulos de carrera de uno a dos a\u00f1os: <a href=\"http:\/\/dacc.nmsu.edu\/programs-alpha\/\">http:\/\/dacc.nmsu.edu\/programs-alpha\/<\/a><\/li>\n<li>\u00bfQu\u00e9 cursos y certificaciones en l\u00ednea pueden ayudarme a asegurar un trabajo mejor remunerado? <a href=\"https:\/\/dacc.nmsu.edu\/online-programs\/online-programas\/\">https:\/\/dacc.nmsu.edu\/online-programs\/online-programas\/<\/a><\/li>\n<li>\u00bfQu\u00e9 programas est\u00e1n disponibles a trav\u00e9s de las sucursales del sur del condado de DACC?: <a href=\"http:\/\/dacc.nmsu.edu\/wp-content\/uploads\/sites\/4\/2017\/07\/LC-South-County-Curricula-Maps-7-28-17.pdf\">http:\/\/dacc.nmsu.edu\/wp-content\/uploads\/sites\/4\/2017\/07\/LC-South-County-Curricula-Maps-7-28-17.pdf<\/a><\/li>\n<li>Una vez que encuentre su camino, puede avanzar para registrarse: <a href=\"https:\/\/dacc.nmsu.edu\/admissions\/apply\/\">https:\/\/dacc.nmsu.edu\/admissions\/apply\/<\/a><\/li>\n<li>Visite la Oficina de Ayuda Financiera de DACC para ver si pueden ayudar: <a href=\"https:\/\/dacc.nmsu.edu\/fa\/\">https:\/\/dacc.nmsu.edu\/fa\/<\/a><\/li>\n<\/ul>\n<\/li>\n<li>\u00bfEst\u00e1n sus estudiantes considerando obtener un t\u00edtulo en NMSU? Este es un lugar fabuloso para aprender m\u00e1s: <a href=\"https:\/\/start.nmsu.edu\/adm\/viewbook\/#book\/\">https:\/\/start.nmsu.edu\/adm\/viewbook\/#book\/<\/a><\/li>\n<\/ul>\n<\/div><\/div><\/div><\/section>\n<\/div><br \/>\n<section  class='av_textblock_section av-jqd0chc7-7eac0080a7b4f84f49423e70aeaadc61 '   itemscope=\"itemscope\" itemtype=\"https:\/\/schema.org\/CreativeWork\" ><div class='avia_textblock'  itemprop=\"text\" ><p><div class=\"su-spacer\" style=\"height:20px\"><\/div><br \/>\n<span style=\"font-size: large;\">Para explorar el Gu\u00eda de la Carreras para cada una de nuestras notables industrias en el condado, haga clic <a href=\"https:\/\/newmexicotruetalent.org\/spanish\/career-pathways\/\">aqu\u00ed.<\/a><\/span><\/p>\n<\/div><\/section><\/p><\/div>\n","protected":false},"excerpt":{"rendered":"","protected":false},"author":1,"featured_media":0,"parent":351,"menu_order":2,"comment_status":"closed","ping_status":"closed","template":"","meta":{"footnotes":""},"class_list":["post-340","page","type-page","status-publish","hentry"],"_links":{"self":[{"href":"https:\/\/bridge2careers.org\/spanish\/wp-json\/wp\/v2\/pages\/340","targetHints":{"allow":["GET"]}}],"collection":[{"href":"https:\/\/bridge2careers.org\/spanish\/wp-json\/wp\/v2\/pages"}],"about":[{"href":"https:\/\/bridge2careers.org\/spanish\/wp-json\/wp\/v2\/types\/page"}],"author":[{"embeddable":true,"href":"https:\/\/bridge2careers.org\/spanish\/wp-json\/wp\/v2\/users\/1"}],"replies":[{"embeddable":true,"href":"https:\/\/bridge2careers.org\/spanish\/wp-json\/wp\/v2\/comments?post=340"}],"version-history":[{"count":6,"href":"https:\/\/bridge2careers.org\/spanish\/wp-json\/wp\/v2\/pages\/340\/revisions"}],"predecessor-version":[{"id":862,"href":"https:\/\/bridge2careers.org\/spanish\/wp-json\/wp\/v2\/pages\/340\/revisions\/862"}],"up":[{"embeddable":true,"href":"https:\/\/bridge2careers.org\/spanish\/wp-json\/wp\/v2\/pages\/351"}],"wp:attachment":[{"href":"https:\/\/bridge2careers.org\/spanish\/wp-json\/wp\/v2\/media?parent=340"}],"curies":[{"name":"wp","href":"https:\/\/api.w.org\/{rel}","templated":true}]}}