{"id":1150,"date":"2022-12-06T12:18:45","date_gmt":"2022-12-06T20:18:45","guid":{"rendered":"https:\/\/bridge2careers.org\/spanish\/?page_id=1150"},"modified":"2023-02-22T03:15:43","modified_gmt":"2023-02-22T11:15:43","slug":"doble-credito","status":"publish","type":"page","link":"https:\/\/bridge2careers.org\/spanish\/doble-credito\/","title":{"rendered":"Doble Cr\u00e9dito"},"content":{"rendered":"\n<style type=\"text\/css\" data-created_by=\"avia_inline_auto\" id=\"style-css-av-lbba8z4p-55c97093fa6d080d9a1661a27b4753d5\">\n#top .av-special-heading.av-lbba8z4p-55c97093fa6d080d9a1661a27b4753d5{\npadding-bottom:0;\n}\nbody .av-special-heading.av-lbba8z4p-55c97093fa6d080d9a1661a27b4753d5 .av-special-heading-tag .heading-char{\nfont-size:25px;\n}\n.av-special-heading.av-lbba8z4p-55c97093fa6d080d9a1661a27b4753d5 .av-subheading{\nfont-size:15px;\n}\n<\/style>\n<div  class='av-special-heading av-lbba8z4p-55c97093fa6d080d9a1661a27b4753d5 av-special-heading-h2 blockquote modern-quote modern-centered  avia-builder-el-0  el_before_av_hr  avia-builder-el-first  av-linked-heading'><h2 class='av-special-heading-tag'  itemprop=\"headline\"  >Doble Cr\u00e9dito<\/h2><div class=\"special-heading-border\"><div class=\"special-heading-inner-border\"><\/div><\/div><\/div>\n\n<style type=\"text\/css\" data-created_by=\"avia_inline_auto\" id=\"style-css-av-9mo3cn-9b75c951872e4fd24427a016b1727c71\">\n#top .hr.av-9mo3cn-9b75c951872e4fd24427a016b1727c71{\nmargin-top:5px;\nmargin-bottom:35px;\n}\n.hr.av-9mo3cn-9b75c951872e4fd24427a016b1727c71 .hr-inner{\nwidth:50px;\nborder-color:#efbb20;\n}\n<\/style>\n<div  class='hr av-9mo3cn-9b75c951872e4fd24427a016b1727c71 hr-custom  avia-builder-el-1  el_after_av_heading  el_before_av_textblock  hr-center hr-icon-no'><span class='hr-inner inner-border-av-border-fat'><span class=\"hr-inner-style\"><\/span><\/span><\/div>\n<section  class='av_textblock_section av-lbba9z74-a82d26491467d41624c6c0b4c7d09503 '   itemscope=\"itemscope\" itemtype=\"https:\/\/schema.org\/CreativeWork\" ><div class='avia_textblock'  itemprop=\"text\" ><p>\u00a1Los cursos de doble cr\u00e9dito son una oportunidad incre\u00edble para ayudar a los estudiantes a avanzar simult\u00e1neamente en sus metas educativas y profesionales!<\/p>\n<p>Los estudiantes del condado de Do\u00f1a Ana tienen acceso a la escala completa de opciones de educaci\u00f3n-a-carrera para llevarlos a donde sea que busquen ir en su futuro. Y con un poco de planificaci\u00f3n de antemano, las opciones de cr\u00e9dito doble llevan a los estudiantes m\u00e1s lejos, m\u00e1s r\u00e1pido y a menor costo que los estudiantes que no aprovechan estas incre\u00edbles oportunidades.<\/p>\n<p>Gracias al apoyo de la Fundaci\u00f3n Thornburg, hemos reunido una serie de videos para ayudar a los estudiantes, las familias y los educadores a trabajar en equipo para apoyar las mejores opciones y resultados de cursos de doble cr\u00e9dito para los estudiantes.<\/p>\n<p>Para obtener m\u00e1s informaci\u00f3n sobre el cr\u00e9dito dual en Do\u00f1a Ana Community College, haga <a href=\"https:\/\/dacc.nmsu.edu\/student-services\/dual-credit\/\" target=\"_blank\" rel=\"noopener\">clic aqu\u00ed.<\/a><\/p>\n<p>Para obtener m\u00e1s informaci\u00f3n sobre el cr\u00e9dito dual en New Mexico State University, haga <a href=\"https:\/\/dualcredit.nmsu.edu\" target=\"_blank\" rel=\"noopener\">clic aqu\u00ed.<\/a><\/p>\n<p>Vea estos videos y otros recursos a continuaci\u00f3n para guiarse en su trayectoria, sin importar cu\u00e1l sea su rol en este importante proceso.<\/p>\n<\/div><\/section>\n\n<style type=\"text\/css\" data-created_by=\"avia_inline_auto\" id=\"style-css-av-47jp7i-1644881a12b958c18b51c18e5270983a\">\n.flex_column.av-47jp7i-1644881a12b958c18b51c18e5270983a{\n-webkit-border-radius:0px 0px 0px 0px;\n-moz-border-radius:0px 0px 0px 0px;\nborder-radius:0px 0px 0px 0px;\npadding:0px 0px 0px 0px;\n}\n<\/style>\n<div  class='flex_column av-47jp7i-1644881a12b958c18b51c18e5270983a av_one_half  avia-builder-el-3  el_after_av_textblock  el_before_av_one_half  first flex_column_div av-animated-generic bottom-to-top av-zero-column-padding  column-top-margin'     ><div  class='avia-video av-lcz98izy-80d084c76e23e6ae85a061fa01a389f0 avia-video-16-9 av-no-preview-image avia-video-load-always av-lazyload-immediate av-lazyload-video-embed'  itemprop=\"video\" itemtype=\"https:\/\/schema.org\/VideoObject\"  data-original_url='https:\/\/www.youtube.com\/watch?v=ZEZIexD4-rM'><script type='text\/html' class='av-video-tmpl'><div class='avia-iframe-wrap'><iframe loading=\"lazy\" title=\"C\u00f3mo ayudar a sus estudiantes a tomar las mejores opciones de cr\u00e9dito dual\" width=\"1500\" height=\"844\" src=\"https:\/\/www.youtube.com\/embed\/ZEZIexD4-rM?feature=oembed&autoplay=0&loop=0&controls=1&mute=0\" frameborder=\"0\" allow=\"accelerometer; autoplay; clipboard-write; encrypted-media; gyroscope; picture-in-picture; web-share\" allowfullscreen><\/iframe><\/div><\/script><div class='av-click-to-play-overlay'><div class=\"avia_playpause_icon\"><\/div><\/div><\/div><\/div>\n\n<style type=\"text\/css\" data-created_by=\"avia_inline_auto\" id=\"style-css-av-28bm3y-d55706cc36fbc5e62f8c855a309adb3f\">\n.flex_column.av-28bm3y-d55706cc36fbc5e62f8c855a309adb3f{\n-webkit-border-radius:0px 0px 0px 0px;\n-moz-border-radius:0px 0px 0px 0px;\nborder-radius:0px 0px 0px 0px;\npadding:0px 0px 0px 0px;\n}\n<\/style>\n<div  class='flex_column av-28bm3y-d55706cc36fbc5e62f8c855a309adb3f av_one_half  avia-builder-el-5  el_after_av_one_half  el_before_av_one_half  flex_column_div av-animated-generic bottom-to-top av-zero-column-padding  column-top-margin'     ><div  class='avia-video av-ldafjtqb-0ae68ce4d89bdc2a3faca538b29ace89 avia-video-16-9 av-no-preview-image avia-video-load-always av-lazyload-immediate av-lazyload-video-embed'  itemprop=\"video\" itemtype=\"https:\/\/schema.org\/VideoObject\"  data-original_url='https:\/\/www.youtube.com\/watch?v=Fve0uxovu20'><script type='text\/html' class='av-video-tmpl'><div class='avia-iframe-wrap'><iframe loading=\"lazy\" title=\"How To Help Your Students Make the Best Dual Credit Choices\" width=\"1500\" height=\"844\" src=\"https:\/\/www.youtube.com\/embed\/Fve0uxovu20?feature=oembed&autoplay=0&loop=0&controls=1&mute=0\" frameborder=\"0\" allow=\"accelerometer; autoplay; clipboard-write; encrypted-media; gyroscope; picture-in-picture; web-share\" allowfullscreen><\/iframe><\/div><\/script><div class='av-click-to-play-overlay'><div class=\"avia_playpause_icon\"><\/div><\/div><\/div><\/div>\n\n<style type=\"text\/css\" data-created_by=\"avia_inline_auto\" id=\"style-css-av-1v7nda-ce8dcc75becc87a493a4a28857b543ba\">\n.flex_column.av-1v7nda-ce8dcc75becc87a493a4a28857b543ba{\n-webkit-border-radius:0px 0px 0px 0px;\n-moz-border-radius:0px 0px 0px 0px;\nborder-radius:0px 0px 0px 0px;\npadding:0px 0px 0px 0px;\n}\n<\/style>\n<div  class='flex_column av-1v7nda-ce8dcc75becc87a493a4a28857b543ba av_one_half  avia-builder-el-7  el_after_av_one_half  avia-builder-el-last  first flex_column_div av-animated-generic bottom-to-top av-zero-column-padding  column-top-margin'     ><div  class='avia-video av-lcz97z8p-6418f5ebf2004ed551cc583e74146f35 avia-video-16-9 av-no-preview-image avia-video-load-always av-lazyload-immediate av-lazyload-video-embed'  itemprop=\"video\" itemtype=\"https:\/\/schema.org\/VideoObject\"  data-original_url='https:\/\/www.youtube.com\/watch?v=rT7F4R88bdI'><script type='text\/html' class='av-video-tmpl'><div class='avia-iframe-wrap'><iframe loading=\"lazy\" title=\"Dual Credit Video for Students FINAL\" width=\"1500\" height=\"844\" src=\"https:\/\/www.youtube.com\/embed\/rT7F4R88bdI?feature=oembed&autoplay=0&loop=0&controls=1&mute=0\" frameborder=\"0\" allow=\"accelerometer; autoplay; clipboard-write; encrypted-media; gyroscope; picture-in-picture; web-share\" allowfullscreen><\/iframe><\/div><\/script><div class='av-click-to-play-overlay'><div class=\"avia_playpause_icon\"><\/div><\/div><\/div><\/div>\n","protected":false},"excerpt":{"rendered":"","protected":false},"author":2,"featured_media":0,"parent":0,"menu_order":4,"comment_status":"closed","ping_status":"closed","template":"","meta":{"footnotes":""},"class_list":["post-1150","page","type-page","status-publish","hentry"],"_links":{"self":[{"href":"https:\/\/bridge2careers.org\/spanish\/wp-json\/wp\/v2\/pages\/1150","targetHints":{"allow":["GET"]}}],"collection":[{"href":"https:\/\/bridge2careers.org\/spanish\/wp-json\/wp\/v2\/pages"}],"about":[{"href":"https:\/\/bridge2careers.org\/spanish\/wp-json\/wp\/v2\/types\/page"}],"author":[{"embeddable":true,"href":"https:\/\/bridge2careers.org\/spanish\/wp-json\/wp\/v2\/users\/2"}],"replies":[{"embeddable":true,"href":"https:\/\/bridge2careers.org\/spanish\/wp-json\/wp\/v2\/comments?post=1150"}],"version-history":[{"count":9,"href":"https:\/\/bridge2careers.org\/spanish\/wp-json\/wp\/v2\/pages\/1150\/revisions"}],"predecessor-version":[{"id":1165,"href":"https:\/\/bridge2careers.org\/spanish\/wp-json\/wp\/v2\/pages\/1150\/revisions\/1165"}],"wp:attachment":[{"href":"https:\/\/bridge2careers.org\/spanish\/wp-json\/wp\/v2\/media?parent=1150"}],"curies":[{"name":"wp","href":"https:\/\/api.w.org\/{rel}","templated":true}]}}