{"id":1106,"date":"2022-01-02T16:24:03","date_gmt":"2022-01-03T00:24:03","guid":{"rendered":"https:\/\/bridge2careers.org\/spanish\/?page_id=1106"},"modified":"2022-01-04T15:41:44","modified_gmt":"2022-01-04T23:41:44","slug":"educacion","status":"publish","type":"page","link":"https:\/\/bridge2careers.org\/spanish\/guias-de-las-carreras\/educacion\/","title":{"rendered":"Educaci\u00f3n"},"content":{"rendered":"\n<style type=\"text\/css\" data-created_by=\"avia_inline_auto\" id=\"style-css-av-3cwspd-384ec85654117ca0300a2c5d3fe53a1e\">\n#top .flex_column.av-3cwspd-384ec85654117ca0300a2c5d3fe53a1e{\nmargin-top:0px;\nmargin-bottom:0px;\n}\n.flex_column.av-3cwspd-384ec85654117ca0300a2c5d3fe53a1e{\n-webkit-border-radius:0px 0px 0px 0px;\n-moz-border-radius:0px 0px 0px 0px;\nborder-radius:0px 0px 0px 0px;\npadding:0px 0px 0px 0px;\n}\n.responsive #top #wrap_all .flex_column.av-3cwspd-384ec85654117ca0300a2c5d3fe53a1e{\nmargin-top:0px;\nmargin-bottom:0px;\n}\n<\/style>\n<div  class='flex_column av-3cwspd-384ec85654117ca0300a2c5d3fe53a1e av_one_full  avia-builder-el-0  avia-builder-el-no-sibling  first flex_column_div av-animated-generic bottom-to-top av-zero-column-padding  '     ><p>\n<style type=\"text\/css\" data-created_by=\"avia_inline_auto\" id=\"style-css-av-jpyc2jij-4fc1ff714f20df3c134e0bb061e90398\">\n.avia-image-container.av-jpyc2jij-4fc1ff714f20df3c134e0bb061e90398 img.avia_image{\nbox-shadow:none;\n}\n.avia-image-container.av-jpyc2jij-4fc1ff714f20df3c134e0bb061e90398 .av-image-caption-overlay-center{\ncolor:#ffffff;\n}\n<\/style>\n<div  class='avia-image-container av-jpyc2jij-4fc1ff714f20df3c134e0bb061e90398 av-styling- avia-align-center  avia-builder-el-1  el_before_av_heading  avia-builder-el-first '   itemprop=\"image\" itemscope=\"itemscope\" itemtype=\"https:\/\/schema.org\/ImageObject\" ><div class=\"avia-image-container-inner\"><div class=\"avia-image-overlay-wrap\"><img decoding=\"async\" class='wp-image-1117 avia-img-lazy-loading-not-1117 avia_image ' src=\"https:\/\/bridge2careers.org\/spanish\/wp-content\/uploads\/sites\/4\/sites\/4\/2022\/01\/Education-Pathway-Photo-1.jpg\" alt='' title='Education-Pathway-Photo'  height=\"416\" width=\"990\"  itemprop=\"thumbnailUrl\" srcset=\"https:\/\/bridge2careers.org\/spanish\/wp-content\/uploads\/sites\/4\/sites\/4\/2022\/01\/Education-Pathway-Photo-1.jpg 990w, https:\/\/bridge2careers.org\/spanish\/wp-content\/uploads\/sites\/4\/sites\/4\/2022\/01\/Education-Pathway-Photo-1-300x126.jpg 300w, https:\/\/bridge2careers.org\/spanish\/wp-content\/uploads\/sites\/4\/sites\/4\/2022\/01\/Education-Pathway-Photo-1-768x323.jpg 768w, https:\/\/bridge2careers.org\/spanish\/wp-content\/uploads\/sites\/4\/sites\/4\/2022\/01\/Education-Pathway-Photo-1-705x296.jpg 705w\" sizes=\"(max-width: 990px) 100vw, 990px\" \/><\/div><\/div><\/div><br \/>\n\n<style type=\"text\/css\" data-created_by=\"avia_inline_auto\" id=\"style-css-av-f8mh3-31adbb585c2c7c3f7cf3d2900c5f42c5\">\n#top .av-special-heading.av-f8mh3-31adbb585c2c7c3f7cf3d2900c5f42c5{\npadding-bottom:0;\n}\nbody .av-special-heading.av-f8mh3-31adbb585c2c7c3f7cf3d2900c5f42c5 .av-special-heading-tag .heading-char{\nfont-size:25px;\n}\n.av-special-heading.av-f8mh3-31adbb585c2c7c3f7cf3d2900c5f42c5 .av-subheading{\nfont-size:15px;\n}\n<\/style>\n<div  class='av-special-heading av-f8mh3-31adbb585c2c7c3f7cf3d2900c5f42c5 av-special-heading-h2 blockquote modern-quote  avia-builder-el-2  el_after_av_image  el_before_av_hr  av-linked-heading'><h2 class='av-special-heading-tag'  itemprop=\"headline\"  >INFORMACION SOBRE LA TRAYECTORIA PROFESIONAL EN LA EDUCACION<\/h2><div class=\"special-heading-border\"><div class=\"special-heading-inner-border\"><\/div><\/div><\/div><br \/>\n\n<style type=\"text\/css\" data-created_by=\"avia_inline_auto\" id=\"style-css-av-301elt-6af2ab138ad66bda024dd6952478e816\">\n#top .hr.av-301elt-6af2ab138ad66bda024dd6952478e816{\nmargin-top:10px;\nmargin-bottom:10px;\n}\n.hr.av-301elt-6af2ab138ad66bda024dd6952478e816 .hr-inner{\nwidth:50px;\nborder-color:#efbb20;\n}\n<\/style>\n<div  class='hr av-301elt-6af2ab138ad66bda024dd6952478e816 hr-custom  avia-builder-el-3  el_after_av_heading  el_before_av_heading  hr-left hr-icon-no'><span class='hr-inner inner-border-av-border-fat'><span class=\"hr-inner-style\"><\/span><\/span><\/div><br \/>\n\n<style type=\"text\/css\" data-created_by=\"avia_inline_auto\" id=\"style-css-av-a89f3-ed44094610b6b7913e9fc9e058e9dcda\">\n#top .av-special-heading.av-a89f3-ed44094610b6b7913e9fc9e058e9dcda{\npadding-bottom:0;\n}\nbody .av-special-heading.av-a89f3-ed44094610b6b7913e9fc9e058e9dcda .av-special-heading-tag .heading-char{\nfont-size:25px;\n}\n.av-special-heading.av-a89f3-ed44094610b6b7913e9fc9e058e9dcda .av-subheading{\nfont-size:15px;\n}\n<\/style>\n<div  class='av-special-heading av-a89f3-ed44094610b6b7913e9fc9e058e9dcda av-special-heading-h3 blockquote modern-quote  avia-builder-el-4  el_after_av_hr  el_before_av_textblock  av-linked-heading'><h3 class='av-special-heading-tag'  itemprop=\"headline\"  >Trayectoria Profesional<\/h3><div class=\"special-heading-border\"><div class=\"special-heading-inner-border\"><\/div><\/div><\/div><br \/>\n<section  class='av_textblock_section av-kdrqc4a7-171782f8703639c3c0fdaf15d2a43ee1 '   itemscope=\"itemscope\" itemtype=\"https:\/\/schema.org\/CreativeWork\" ><div class='avia_textblock'  itemprop=\"text\" ><p>Las trayectorias profesionales te muestran c\u00f3mo conectar tus opciones educativas (educaci\u00f3n profesional y t\u00e9cnica, certificaciones profesionales, t\u00edtulos de dos a\u00f1os, t\u00edtulos de cuatro a\u00f1os y m\u00e1s) con el aprendizaje basado en el trabajo mientras te prepares para una gran cantidad de carreras en estas Industrias del Siglo 21.<\/p>\n<p>Con el fin de apoyar resultados educativos s\u00f3lidos, tambi\u00e9n necesitamos educadores bien preparados en todo el continuo PK-12. Nuevo M\u00e9xico ha sufrido una escasez de maestros a largo plazo, lo que ha dado lugar al llamado para que una nueva generaci\u00f3n de maestros tome el manto de preparar a la generaci\u00f3n que los sigue.<\/p>\n<p>Para aquellos que est\u00e1n considerando una carrera en la educaci\u00f3n, la trayectoria completa en nuestro condado est\u00e1 bien trazada y bien alineada.<\/p>\n<p>Las trayectorias funcionan tanto horizontal como verticalmente, mostr\u00e1ndote hasta d\u00f3nde necesitas llegar en tu educaci\u00f3n y el aprendizaje pr\u00e1ctico para estar listo para las carreras que deseas.<\/p>\n<\/div><\/section><br \/>\n\n<style type=\"text\/css\" data-created_by=\"avia_inline_auto\" id=\"style-css-av-kkegbmui-576b878538fde75b8ce09cbe03c2c31a\">\n.avia-image-container.av-kkegbmui-576b878538fde75b8ce09cbe03c2c31a img.avia_image{\nbox-shadow:none;\n}\n.avia-image-container.av-kkegbmui-576b878538fde75b8ce09cbe03c2c31a .av-image-caption-overlay-center{\ncolor:#ffffff;\n}\n<\/style>\n<div  class='avia-image-container av-kkegbmui-576b878538fde75b8ce09cbe03c2c31a av-styling- avia-align-center  avia-builder-el-6  el_after_av_textblock  avia-builder-el-last '   itemprop=\"image\" itemscope=\"itemscope\" itemtype=\"https:\/\/schema.org\/ImageObject\" ><div class=\"avia-image-container-inner\"><div class=\"avia-image-overlay-wrap\"><img decoding=\"async\" class='wp-image- avia-img-lazy-loading-not- avia_image ' src=\"https:\/\/bridge2careers.org\/wp-content\/uploads\/2021\/01\/education_pathway2.jpg\" alt='' title=''   itemprop=\"thumbnailUrl\"  \/><\/div><\/div><\/div><\/p><\/div>\n","protected":false},"excerpt":{"rendered":"","protected":false},"author":2,"featured_media":0,"parent":594,"menu_order":8,"comment_status":"closed","ping_status":"closed","template":"","meta":{"footnotes":""},"class_list":["post-1106","page","type-page","status-publish","hentry"],"_links":{"self":[{"href":"https:\/\/bridge2careers.org\/spanish\/wp-json\/wp\/v2\/pages\/1106","targetHints":{"allow":["GET"]}}],"collection":[{"href":"https:\/\/bridge2careers.org\/spanish\/wp-json\/wp\/v2\/pages"}],"about":[{"href":"https:\/\/bridge2careers.org\/spanish\/wp-json\/wp\/v2\/types\/page"}],"author":[{"embeddable":true,"href":"https:\/\/bridge2careers.org\/spanish\/wp-json\/wp\/v2\/users\/2"}],"replies":[{"embeddable":true,"href":"https:\/\/bridge2careers.org\/spanish\/wp-json\/wp\/v2\/comments?post=1106"}],"version-history":[{"count":4,"href":"https:\/\/bridge2careers.org\/spanish\/wp-json\/wp\/v2\/pages\/1106\/revisions"}],"predecessor-version":[{"id":1121,"href":"https:\/\/bridge2careers.org\/spanish\/wp-json\/wp\/v2\/pages\/1106\/revisions\/1121"}],"up":[{"embeddable":true,"href":"https:\/\/bridge2careers.org\/spanish\/wp-json\/wp\/v2\/pages\/594"}],"wp:attachment":[{"href":"https:\/\/bridge2careers.org\/spanish\/wp-json\/wp\/v2\/media?parent=1106"}],"curies":[{"name":"wp","href":"https:\/\/api.w.org\/{rel}","templated":true}]}}